{"id":77,"date":"2019-08-19T18:40:54","date_gmt":"2019-08-19T16:40:54","guid":{"rendered":"http:\/\/www.participativni-rozpocet.cz\/webmesta2\/?page_id=77"},"modified":"2023-06-16T15:30:13","modified_gmt":"2023-06-16T12:30:13","slug":"contacts","status":"publish","type":"page","link":"https:\/\/participatorybudgeting.digitalagora.org\/budesti\/contacts\/","title":{"rendered":"Contacte"},"content":{"rendered":"\t\t<div data-elementor-type=\"wp-post\" data-elementor-id=\"77\" class=\"elementor elementor-77\">\n\t\t\t\t\t\t<div class=\"elementor-inner\">\n\t\t\t\t<div class=\"elementor-section-wrap\">\n\t\t\t\t\t\t\t\t\t<section class=\"elementor-section elementor-top-section elementor-element elementor-element-e5e1a36 elementor-section-boxed elementor-section-height-default elementor-section-height-default\" data-id=\"e5e1a36\" data-element_type=\"section\">\n\t\t\t\t\t\t<div class=\"elementor-container elementor-column-gap-default\">\n\t\t\t\t\t\t\t<div class=\"elementor-row\">\n\t\t\t\t\t<div class=\"elementor-column elementor-col-33 elementor-top-column elementor-element elementor-element-e0425b4\" data-id=\"e0425b4\" data-element_type=\"column\">\n\t\t\t<div class=\"elementor-column-wrap elementor-element-populated\">\n\t\t\t\t\t\t\t<div class=\"elementor-widget-wrap\">\n\t\t\t\t\t\t<div class=\"elementor-element elementor-element-6b38456 elementor-widget__width-initial elementor-widget elementor-widget-heading\" data-id=\"6b38456\" data-element_type=\"widget\" data-widget_type=\"heading.default\">\n\t\t\t\t<div class=\"elementor-widget-container\">\n\t\t\t<h4 class=\"elementor-heading-title elementor-size-default\">Coordonatorul local<\/h4>\t\t<\/div>\n\t\t\t\t<\/div>\n\t\t\t\t<div class=\"elementor-element elementor-element-eba128a elementor-widget__width-initial elementor-widget elementor-widget-image\" data-id=\"eba128a\" data-element_type=\"widget\" data-widget_type=\"image.default\">\n\t\t\t\t<div class=\"elementor-widget-container\">\n\t\t\t\t\t\t\t\t<div class=\"elementor-image\">\n\t\t\t\t\t\t\t\t\t\t\t\t<img decoding=\"async\" width=\"300\" height=\"300\" src=\"https:\/\/participatorybudgeting.digitalagora.org\/budesti\/wp-content\/uploads\/sites\/68\/2023\/06\/346626901_1230809340880777_4807945440423631334_n-300x300.jpg\" class=\"attachment-medium size-medium wp-image-7192\" alt=\"\" loading=\"lazy\" srcset=\"https:\/\/participatorybudgeting.digitalagora.org\/budesti\/wp-content\/uploads\/sites\/68\/2023\/06\/346626901_1230809340880777_4807945440423631334_n-300x300.jpg 300w, https:\/\/participatorybudgeting.digitalagora.org\/budesti\/wp-content\/uploads\/sites\/68\/2023\/06\/346626901_1230809340880777_4807945440423631334_n-150x150.jpg 150w, https:\/\/participatorybudgeting.digitalagora.org\/budesti\/wp-content\/uploads\/sites\/68\/2023\/06\/346626901_1230809340880777_4807945440423631334_n-768x770.jpg 768w, https:\/\/participatorybudgeting.digitalagora.org\/budesti\/wp-content\/uploads\/sites\/68\/2023\/06\/346626901_1230809340880777_4807945440423631334_n.jpg 957w\" sizes=\"(max-width: 300px) 100vw, 300px\" \/>\t\t\t\t\t\t\t\t\t\t\t\t\t\t<\/div>\n\t\t\t\t\t\t<\/div>\n\t\t\t\t<\/div>\n\t\t\t\t<div class=\"elementor-element elementor-element-7e5aef3 elementor-widget elementor-widget-text-editor\" data-id=\"7e5aef3\" data-element_type=\"widget\" data-widget_type=\"text-editor.default\">\n\t\t\t\t<div class=\"elementor-widget-container\">\n\t\t\t\t\t\t\t\t<div class=\"elementor-text-editor elementor-clearfix\">\n\t\t\t\t<p>Coordonatorul local al proiectului este <strong>Elena Zagorn\u00eei<\/strong>. Nu ezita\u021bi s\u0103 o contacta\u021bi pentru \u00eentreb\u0103ri prin e-mail, telefon sau la o \u00eent\u00e2lnire pre-aranjat\u0103 la Prim\u0103rie.<\/p><ul><li><b>Tel<\/b>:\u00a0 022 418-004<\/li><li><b>E-mail<\/b>: budesti@gmail.com<\/li><li><b>Adresa<\/b>: str. Chi\u0219in\u0103ului 131, Bude\u015fti<\/li><\/ul>\t\t\t\t\t<\/div>\n\t\t\t\t\t\t<\/div>\n\t\t\t\t<\/div>\n\t\t\t\t\t\t<\/div>\n\t\t\t\t\t<\/div>\n\t\t<\/div>\n\t\t\t\t<div class=\"elementor-column elementor-col-66 elementor-top-column elementor-element elementor-element-b5db627\" data-id=\"b5db627\" data-element_type=\"column\">\n\t\t\t<div class=\"elementor-column-wrap elementor-element-populated\">\n\t\t\t\t\t\t\t<div class=\"elementor-widget-wrap\">\n\t\t\t\t\t\t<div class=\"elementor-element elementor-element-457b4ea elementor-widget elementor-widget-heading\" data-id=\"457b4ea\" data-element_type=\"widget\" data-widget_type=\"heading.default\">\n\t\t\t\t<div class=\"elementor-widget-container\">\n\t\t\t<h4 class=\"elementor-heading-title elementor-size-default\">Formular de contact<\/h4>\t\t<\/div>\n\t\t\t\t<\/div>\n\t\t\t\t<div class=\"elementor-element elementor-element-6ffbaac elementor-widget elementor-widget-shortcode\" data-id=\"6ffbaac\" data-element_type=\"widget\" data-widget_type=\"shortcode.default\">\n\t\t\t\t<div class=\"elementor-widget-container\">\n\t\t\t\t\t<div class=\"elementor-shortcode\">\r\n        \r\n\r\n                <form class=\"wpuf-form-add weforms-2005  wpuf-theme-style\" action=\"\" method=\"post\"   id=\"\">\r\n\r\n            <ul class=\"wpuf-form form-label-above\">\r\n\r\n                        <li class=\"wpuf-el nume field-size-large\" data-label=\"Nume\">\r\n                    <div class=\"wpuf-label\">\r\n            <label for=\"nume_2005\">Nume <span class=\"required\">*<\/span><\/label>\r\n        <\/div>\r\n        \r\n            <div class=\"wpuf-fields\">\r\n                <div class=\"wpuf-name-field-wrap format-first-last\" data-style=\"wpuf-theme-style\">\r\n                    <div class=\"wpuf-name-field-first-name\">\r\n                        <input\r\n                            name=\"nume[first]\"\r\n                            type=\"text\"\r\n                            placeholder=\"Nume\"\r\n                            value=\"\"\r\n                            size=\"40\"\r\n                            data-required=\"yes\"\r\n                            data-type=\"text\"\r\n                            data-style=\"wpuf-theme-style\"\r\n                            class=\"textfield wpuf_nume_2005\"\r\n                            autocomplete=\"given-name\"\r\n                        >\r\n                                            <\/div>\r\n\r\n                                            <input type=\"hidden\" name=\"nume[middle]\" value=\"\">\r\n                    \r\n                    <div class=\"wpuf-name-field-last-name\">\r\n                        <input\r\n                            name=\"nume[last]\"\r\n                            type=\"text\" class=\"textfield\"\r\n                            placeholder=\"Prenume\"\r\n                            value=\"\"\r\n                            size=\"40\"\r\n                            autocomplete=\"family-name\"\r\n                            data-style=\"wpuf-theme-style\"\r\n                        >\r\n                                            <\/div>\r\n                <\/div>\r\n                            <\/div>\r\n        <\/li>\r\n                <li class=\"wpuf-el e_mail field-size-large\" data-label=\"E-mail\">\r\n                    <div class=\"wpuf-label\">\r\n            <label for=\"e_mail_2005\">E-mail <span class=\"required\">*<\/span><\/label>\r\n        <\/div>\r\n        \r\n            <div class=\"wpuf-fields\">\r\n                <input\r\n                    id=\"e_mail_2005\"\r\n                    type=\"email\"\r\n                    class=\"email  wpuf_e_mail_2005\"\r\n                    data-duplicate=\"\"\r\n                    data-required=\"yes\"\r\n                    data-type=\"email\"\r\n                    data-style=\"wpuf-theme-style\"\r\n                    name=\"e_mail\"\r\n                    placeholder=\"\"\r\n                    value=\"\"\r\n                    size=\"40\"\r\n                    autocomplete=\"email\"\r\n                \/>\r\n                            <\/div>\r\n        <\/li>\r\n                <li class=\"wpuf-el mesaj field-size-large\" data-label=\"Mesaj\">\r\n                    <div class=\"wpuf-label\">\r\n            <label for=\"mesaj_2005\">Mesaj <span class=\"required\">*<\/span><\/label>\r\n        <\/div>\r\n                                    <div class=\"wpuf-fields\">\r\n            \r\n                                    <textarea\r\n                        class=\"textareafield  wpuf_mesaj_2005\"\r\n                        id=\"mesaj_2005\"\r\n                        name=\"mesaj\"\r\n                        data-required=\"yes\"\r\n                        data-type=\"textarea\"\r\n                        placeholder=\"\"\r\n                        rows=\"5\"\r\n                        cols=\"25\"\r\n                        data-style=\"wpuf-theme-style\"\r\n                    ><\/textarea>\r\n                    <span class=\"wpuf-wordlimit-message wpuf-help\"><\/span>\r\n\r\n                \r\n                        <\/div><\/li>\r\n                <li class=\"wpuf-el date_cu_caracter_personal field-size-large\" data-label=\"Date cu caracter personal\">\n                    <div class=\"wpuf-label\">\r\n            <label for=\"date_cu_caracter_personal_2005\">Date cu caracter personal <span class=\"required\">*<\/span><\/label>\r\n        <\/div>\r\n        \n                        <div class=\"wpuf-fields\" data-required=\"yes\" data-type=\"radio\">\n\n                                        <label class=\"wpuf-checkbox-block\">\n                            <input type=\"checkbox\" class=\"wpuf_date_cu_caracter_personal_2005\" name=\"date_cu_caracter_personal[]\" value=\"ap\u0103sa\u021bi_bifa_dac\u0103_sunte\u021bi_de-acord_ca_datele_dvs._cu_caracter_personals\u0103_fie_prelucrate!\" \/>\n                            Ap\u0103sa\u021bi bifa dac\u0103 sunte\u021bi de-acord ca datele dvs. cu caracter personals\u0103 fie prelucrate!                        <\/label>\n                        \n                \n            <\/div>\n        <\/li>\n                    <li class=\"wpuf-el recaptcha\" data-label=\"\" >\r\n                            <li class=\"wpuf-el recaptcha\" data-label=\"\" >\r\n                    <div class=\"wpuf-fields  wpuf_recaptcha_2005\" data-style=\"wpuf-style\">\r\n                        <input type=\"hidden\" name=\"g-recaptcha-response\" id=\"g-recaptcha-response\">\r\n                        <input type=\"hidden\" name=\"g-action\" id=\"g-action\">\r\n                        <script src=\"https:\/\/www.google.com\/recaptcha\/api.js?render=6LcGwPslAAAAAE5OF8lGZQwm2ep9z8D3FZ9wMnKj\"> <\/script>\r\n                        <script>\r\n                            grecaptcha.ready(function() {\r\n                                  grecaptcha.execute('6LcGwPslAAAAAE5OF8lGZQwm2ep9z8D3FZ9wMnKj', {action: 'captcha_validation'}).then( function( token ) {\r\n                                    document.getElementById('g-recaptcha-response').value = token;\r\n                                    document.getElementById('g-action').value = 'captcha_validation';\r\n\r\n                                  });\r\n                                setInterval(function () {\r\n                                    grecaptcha.execute('6LcGwPslAAAAAE5OF8lGZQwm2ep9z8D3FZ9wMnKj', {action: 'captcha_validation'}).then( function( token ) {\r\n                                        document.getElementById('g-recaptcha-response').value = token;\r\n                                        document.getElementById('g-action').value = 'captcha_validation';\r\n                                    });\r\n                                }, 60000);\r\n                            });\r\n                        <\/script>\r\n                    <\/div>\r\n                <\/li>\r\n                <li class=\"wpuf-submit\">\r\n            <div class=\"wpuf-label\">\r\n                &nbsp;\r\n            <\/div>\r\n\r\n            <input type=\"hidden\" id=\"_wpnonce\" name=\"_wpnonce\" value=\"e321dbe081\" \/><input type=\"hidden\" name=\"_wp_http_referer\" value=\"\/budesti\/wp-json\/wp\/v2\/pages\/77\" \/>\r\n            <input type=\"hidden\" name=\"form_id\" value=\"2005\">\r\n            <input type=\"hidden\" name=\"page_id\" value=\"77\">\r\n            <input type=\"hidden\" name=\"action\" value=\"weforms_frontend_submit\">\r\n\r\n                            <input type=\"hidden\" name=\"weforms-front-report\" value=\"no\">\r\n            \r\n                        <input type=\"hidden\" name=\"weforms-front-quiz\" value=\"no\">\n        \r\n                            <input type=\"submit\" class=\"button button-primary wpuf_submit_2005\" name=\"submit\" value=\"Send\" \/>\r\n                    <\/li>\r\n                <\/ul>\r\n\r\n        <\/form>\r\n                <\/div>\n\t\t\t\t<\/div>\n\t\t\t\t<\/div>\n\t\t\t\t\t\t<\/div>\n\t\t\t\t\t<\/div>\n\t\t<\/div>\n\t\t\t\t\t\t\t\t<\/div>\n\t\t\t\t\t<\/div>\n\t\t<\/section>\n\t\t\t\t\t\t\t\t\t<\/div>\n\t\t\t<\/div>\n\t\t\t\t\t<\/div>\n\t\t","protected":false},"excerpt":{"rendered":"<p>Coordonatorul local Coordonatorul local al proiectului este Elena Zagorn\u00eei. Nu ezita\u021bi s\u0103 o contacta\u021bi pentru \u00eentreb\u0103ri prin e-mail, telefon sau la o \u00eent\u00e2lnire pre-aranjat\u0103 la Prim\u0103rie. Tel:\u00a0 022 418-004 E-mail: budesti@gmail.com Adresa: str. Chi\u0219in\u0103ului 131, Bude\u015fti Formular de contact<\/p>\n","protected":false},"author":25,"featured_media":0,"parent":0,"menu_order":0,"comment_status":"closed","ping_status":"closed","template":"","meta":[],"acf":[],"yoast_head":"<!-- This site is optimized with the Yoast SEO plugin v21.8.1 - https:\/\/yoast.com\/wordpress\/plugins\/seo\/ -->\n<title>Contacte - Bude\u0219ti<\/title>\n<meta name=\"robots\" content=\"index, follow, max-snippet:-1, max-image-preview:large, max-video-preview:-1\" \/>\n<link rel=\"canonical\" href=\"https:\/\/participatorybudgeting.digitalagora.org\/budesti\/contacts\/\" \/>\n<meta property=\"og:locale\" content=\"en_GB\" \/>\n<meta property=\"og:type\" content=\"article\" \/>\n<meta property=\"og:title\" content=\"Contacte - Bude\u0219ti\" \/>\n<meta property=\"og:description\" content=\"Coordonatorul local Coordonatorul local al proiectului este Elena Zagorn\u00eei. Nu ezita\u021bi s\u0103 o contacta\u021bi pentru \u00eentreb\u0103ri prin e-mail, telefon sau la o \u00eent\u00e2lnire pre-aranjat\u0103 la Prim\u0103rie. Tel:\u00a0 022 418-004 E-mail: budesti@gmail.com Adresa: str. Chi\u0219in\u0103ului 131, Bude\u015fti Formular de contact\" \/>\n<meta property=\"og:url\" content=\"https:\/\/participatorybudgeting.digitalagora.org\/budesti\/contacts\/\" \/>\n<meta property=\"og:site_name\" content=\"Bude\u0219ti\" \/>\n<meta property=\"article:modified_time\" content=\"2023-06-16T12:30:13+00:00\" \/>\n<meta property=\"og:image\" content=\"https:\/\/participatorybudgeting.digitalagora.org\/budesti\/wp-content\/uploads\/sites\/68\/2023\/06\/346626901_1230809340880777_4807945440423631334_n-300x300.jpg\" \/>\n<meta name=\"twitter:card\" content=\"summary_large_image\" \/>\n<script type=\"application\/ld+json\" class=\"yoast-schema-graph\">{\"@context\":\"https:\/\/schema.org\",\"@graph\":[{\"@type\":\"WebPage\",\"@id\":\"https:\/\/participatorybudgeting.digitalagora.org\/budesti\/contacts\/\",\"url\":\"https:\/\/participatorybudgeting.digitalagora.org\/budesti\/contacts\/\",\"name\":\"Contacte - Bude\u0219ti\",\"isPartOf\":{\"@id\":\"https:\/\/participatorybudgeting.digitalagora.org\/budesti\/#website\"},\"datePublished\":\"2019-08-19T16:40:54+00:00\",\"dateModified\":\"2023-06-16T12:30:13+00:00\",\"breadcrumb\":{\"@id\":\"https:\/\/participatorybudgeting.digitalagora.org\/budesti\/contacts\/#breadcrumb\"},\"inLanguage\":\"en-GB\",\"potentialAction\":[{\"@type\":\"ReadAction\",\"target\":[\"https:\/\/participatorybudgeting.digitalagora.org\/budesti\/contacts\/\"]}]},{\"@type\":\"BreadcrumbList\",\"@id\":\"https:\/\/participatorybudgeting.digitalagora.org\/budesti\/contacts\/#breadcrumb\",\"itemListElement\":[{\"@type\":\"ListItem\",\"position\":1,\"name\":\"Dom\u016f\",\"item\":\"https:\/\/participatorybudgeting.digitalagora.org\/budesti\/\"},{\"@type\":\"ListItem\",\"position\":2,\"name\":\"Contacte\"}]},{\"@type\":\"WebSite\",\"@id\":\"https:\/\/participatorybudgeting.digitalagora.org\/budesti\/#website\",\"url\":\"https:\/\/participatorybudgeting.digitalagora.org\/budesti\/\",\"name\":\"Bude\u0219ti\",\"description\":\"Acest site este parte a proiectului \u201eBugetare mai transparent\u0103 \u0219i incluziv\u0103 \u00een Moldova: implicarea cet\u0103\u021benilor activi \u0219i a tinerilor din trei municipii \u00een formarea buget\u0103rii \u0219i transferul de experien\u021b\u0103 \u00een alte municipii Moldova\u201d.\",\"publisher\":{\"@id\":\"https:\/\/participatorybudgeting.digitalagora.org\/budesti\/#organization\"},\"potentialAction\":[{\"@type\":\"SearchAction\",\"target\":{\"@type\":\"EntryPoint\",\"urlTemplate\":\"https:\/\/participatorybudgeting.digitalagora.org\/budesti\/?s={search_term_string}\"},\"query-input\":\"required name=search_term_string\"}],\"inLanguage\":\"en-GB\"},{\"@type\":\"Organization\",\"@id\":\"https:\/\/participatorybudgeting.digitalagora.org\/budesti\/#organization\",\"name\":\"Bude\u0219ti\",\"url\":\"https:\/\/participatorybudgeting.digitalagora.org\/budesti\/\",\"logo\":{\"@type\":\"ImageObject\",\"inLanguage\":\"en-GB\",\"@id\":\"https:\/\/participatorybudgeting.digitalagora.org\/budesti\/#\/schema\/logo\/image\/\",\"url\":\"https:\/\/participatorybudgeting.digitalagora.org\/budesti\/wp-content\/uploads\/sites\/68\/2020\/02\/\u0411\u0435\u0437-\u043d\u0430\u0437\u0432\u0430\u043d\u0438\u044f.png\",\"contentUrl\":\"https:\/\/participatorybudgeting.digitalagora.org\/budesti\/wp-content\/uploads\/sites\/68\/2020\/02\/\u0411\u0435\u0437-\u043d\u0430\u0437\u0432\u0430\u043d\u0438\u044f.png\",\"width\":306,\"height\":165,\"caption\":\"Bude\u0219ti\"},\"image\":{\"@id\":\"https:\/\/participatorybudgeting.digitalagora.org\/budesti\/#\/schema\/logo\/image\/\"}}]}<\/script>\n<!-- \/ Yoast SEO plugin. -->","yoast_head_json":{"title":"Contacte - Bude\u0219ti","robots":{"index":"index","follow":"follow","max-snippet":"max-snippet:-1","max-image-preview":"max-image-preview:large","max-video-preview":"max-video-preview:-1"},"canonical":"https:\/\/participatorybudgeting.digitalagora.org\/budesti\/contacts\/","og_locale":"en_GB","og_type":"article","og_title":"Contacte - Bude\u0219ti","og_description":"Coordonatorul local Coordonatorul local al proiectului este Elena Zagorn\u00eei. Nu ezita\u021bi s\u0103 o contacta\u021bi pentru \u00eentreb\u0103ri prin e-mail, telefon sau la o \u00eent\u00e2lnire pre-aranjat\u0103 la Prim\u0103rie. Tel:\u00a0 022 418-004 E-mail: budesti@gmail.com Adresa: str. Chi\u0219in\u0103ului 131, Bude\u015fti Formular de contact","og_url":"https:\/\/participatorybudgeting.digitalagora.org\/budesti\/contacts\/","og_site_name":"Bude\u0219ti","article_modified_time":"2023-06-16T12:30:13+00:00","og_image":[{"url":"https:\/\/participatorybudgeting.digitalagora.org\/budesti\/wp-content\/uploads\/sites\/68\/2023\/06\/346626901_1230809340880777_4807945440423631334_n-300x300.jpg"}],"twitter_card":"summary_large_image","schema":{"@context":"https:\/\/schema.org","@graph":[{"@type":"WebPage","@id":"https:\/\/participatorybudgeting.digitalagora.org\/budesti\/contacts\/","url":"https:\/\/participatorybudgeting.digitalagora.org\/budesti\/contacts\/","name":"Contacte - Bude\u0219ti","isPartOf":{"@id":"https:\/\/participatorybudgeting.digitalagora.org\/budesti\/#website"},"datePublished":"2019-08-19T16:40:54+00:00","dateModified":"2023-06-16T12:30:13+00:00","breadcrumb":{"@id":"https:\/\/participatorybudgeting.digitalagora.org\/budesti\/contacts\/#breadcrumb"},"inLanguage":"en-GB","potentialAction":[{"@type":"ReadAction","target":["https:\/\/participatorybudgeting.digitalagora.org\/budesti\/contacts\/"]}]},{"@type":"BreadcrumbList","@id":"https:\/\/participatorybudgeting.digitalagora.org\/budesti\/contacts\/#breadcrumb","itemListElement":[{"@type":"ListItem","position":1,"name":"Dom\u016f","item":"https:\/\/participatorybudgeting.digitalagora.org\/budesti\/"},{"@type":"ListItem","position":2,"name":"Contacte"}]},{"@type":"WebSite","@id":"https:\/\/participatorybudgeting.digitalagora.org\/budesti\/#website","url":"https:\/\/participatorybudgeting.digitalagora.org\/budesti\/","name":"Bude\u0219ti","description":"Acest site este parte a proiectului \u201eBugetare mai transparent\u0103 \u0219i incluziv\u0103 \u00een Moldova: implicarea cet\u0103\u021benilor activi \u0219i a tinerilor din trei municipii \u00een formarea buget\u0103rii \u0219i transferul de experien\u021b\u0103 \u00een alte municipii Moldova\u201d.","publisher":{"@id":"https:\/\/participatorybudgeting.digitalagora.org\/budesti\/#organization"},"potentialAction":[{"@type":"SearchAction","target":{"@type":"EntryPoint","urlTemplate":"https:\/\/participatorybudgeting.digitalagora.org\/budesti\/?s={search_term_string}"},"query-input":"required name=search_term_string"}],"inLanguage":"en-GB"},{"@type":"Organization","@id":"https:\/\/participatorybudgeting.digitalagora.org\/budesti\/#organization","name":"Bude\u0219ti","url":"https:\/\/participatorybudgeting.digitalagora.org\/budesti\/","logo":{"@type":"ImageObject","inLanguage":"en-GB","@id":"https:\/\/participatorybudgeting.digitalagora.org\/budesti\/#\/schema\/logo\/image\/","url":"https:\/\/participatorybudgeting.digitalagora.org\/budesti\/wp-content\/uploads\/sites\/68\/2020\/02\/\u0411\u0435\u0437-\u043d\u0430\u0437\u0432\u0430\u043d\u0438\u044f.png","contentUrl":"https:\/\/participatorybudgeting.digitalagora.org\/budesti\/wp-content\/uploads\/sites\/68\/2020\/02\/\u0411\u0435\u0437-\u043d\u0430\u0437\u0432\u0430\u043d\u0438\u044f.png","width":306,"height":165,"caption":"Bude\u0219ti"},"image":{"@id":"https:\/\/participatorybudgeting.digitalagora.org\/budesti\/#\/schema\/logo\/image\/"}}]}},"_links":{"self":[{"href":"https:\/\/participatorybudgeting.digitalagora.org\/budesti\/wp-json\/wp\/v2\/pages\/77"}],"collection":[{"href":"https:\/\/participatorybudgeting.digitalagora.org\/budesti\/wp-json\/wp\/v2\/pages"}],"about":[{"href":"https:\/\/participatorybudgeting.digitalagora.org\/budesti\/wp-json\/wp\/v2\/types\/page"}],"author":[{"embeddable":true,"href":"https:\/\/participatorybudgeting.digitalagora.org\/budesti\/wp-json\/wp\/v2\/users\/25"}],"replies":[{"embeddable":true,"href":"https:\/\/participatorybudgeting.digitalagora.org\/budesti\/wp-json\/wp\/v2\/comments?post=77"}],"version-history":[{"count":22,"href":"https:\/\/participatorybudgeting.digitalagora.org\/budesti\/wp-json\/wp\/v2\/pages\/77\/revisions"}],"predecessor-version":[{"id":7195,"href":"https:\/\/participatorybudgeting.digitalagora.org\/budesti\/wp-json\/wp\/v2\/pages\/77\/revisions\/7195"}],"wp:attachment":[{"href":"https:\/\/participatorybudgeting.digitalagora.org\/budesti\/wp-json\/wp\/v2\/media?parent=77"}],"curies":[{"name":"wp","href":"https:\/\/api.w.org\/{rel}","templated":true}]}}