{"id":938,"date":"2019-09-21T21:29:12","date_gmt":"2019-09-21T19:29:12","guid":{"rendered":"http:\/\/www.participativni-rozpocet.cz\/webmesta2\/?page_id=938"},"modified":"2023-06-08T15:02:12","modified_gmt":"2023-06-08T12:02:12","slug":"gallery","status":"publish","type":"page","link":"https:\/\/participatorybudgeting.digitalagora.org\/moldovatemplate\/gallery\/","title":{"rendered":"Galerie"},"content":{"rendered":"\t\t<div data-elementor-type=\"wp-post\" data-elementor-id=\"938\" class=\"elementor elementor-938\">\n\t\t\t\t\t\t<div class=\"elementor-inner\">\n\t\t\t\t<div class=\"elementor-section-wrap\">\n\t\t\t\t\t\t\t\t\t<section class=\"elementor-section elementor-top-section elementor-element elementor-element-81591c6 dc-has-condition dc-condition-empty elementor-section-boxed elementor-section-height-default elementor-section-height-default\" data-id=\"81591c6\" data-element_type=\"section\">\n\t\t\t\t\t\t<div class=\"elementor-container elementor-column-gap-default\">\n\t\t\t\t\t\t\t<div class=\"elementor-row\">\n\t\t\t\t\t<div class=\"elementor-column elementor-col-100 elementor-top-column elementor-element elementor-element-5b88a7d\" data-id=\"5b88a7d\" data-element_type=\"column\">\n\t\t\t<div class=\"elementor-column-wrap elementor-element-populated\">\n\t\t\t\t\t\t\t<div class=\"elementor-widget-wrap\">\n\t\t\t\t\t\t<div class=\"elementor-element elementor-element-3b145bc elementor-align-center elementor-button-info elementor-widget elementor-widget-button\" data-id=\"3b145bc\" data-element_type=\"widget\" data-widget_type=\"button.default\">\n\t\t\t\t<div class=\"elementor-widget-container\">\n\t\t\t\t\t<div class=\"elementor-button-wrapper\">\n\t\t\t<a href=\"https:\/\/participatorybudgeting.digitalagora.org\/moldovatemplate\/mapa-navrhu\/\" class=\"elementor-button-link elementor-button elementor-size-md\" role=\"button\">\n\t\t\t\t\t\t<span class=\"elementor-button-content-wrapper\">\n\t\t\t\t\t\t<span class=\"elementor-button-text\">Vezi pe hart\u0103!<\/span>\n\t\t<\/span>\n\t\t\t\t\t<\/a>\n\t\t<\/div>\n\t\t\t\t<\/div>\n\t\t\t\t<\/div>\n\t\t\t\t<div class=\"elementor-element elementor-element-8b13cf1 jet-smart-filter-content-position-line jet-smart-filter-content-position-line elementor-widget__width-auto jet-smart-filter-content-position-line jet-smart-filter-group-position-line jet-smart-filter-group-position-line elementor-widget elementor-widget-jet-smart-filters-select\" data-id=\"8b13cf1\" data-element_type=\"widget\" data-widget_type=\"jet-smart-filters-select.default\">\n\t\t\t\t<div class=\"elementor-widget-container\">\n\t\t\t<div class=\"jet-filters-group\"><div class=\"jet-smart-filters-select jet-filter \" data-indexer-rule=\"show\" data-show-counter=\"\" data-change-counter=\"always\"><div class=\"jet-select\" data-query-type=\"tax_query\" data-query-var=\"status_navrhu\" data-smart-filter=\"select\" data-filter-id=\"1163\" data-apply-type=\"mixed-reload\" data-content-provider=\"epro-posts\" data-additional-providers=\"\" data-query-id=\"default\" data-active-label=\"Status of proposal\" data-layout-options=\"{&quot;show_label&quot;:&quot;&quot;,&quot;display_options&quot;:{&quot;show_items_label&quot;:false,&quot;show_decorator&quot;:false,&quot;filter_image_size&quot;:&quot;full&quot;,&quot;show_counter&quot;:false}}\" data-query-var-suffix=\"\">\n\t\t\t\t<select\n\t\t\tclass=\"jet-select__control\"\n\t\t\tname=\"status_navrhu\"\n\t\t\t\t\t\taria-label=\"Status of proposal\"\n\t\t>\n\t\t\n\t\t\t\t\t\t\t\t\t<option\n\t\t\t\t\tvalue=\"\"\n\t\t\t\t\tdata-label=\"Toate propunerile\"\n\t\t\t\t\tdata-counter-prefix=\"\"\n\t\t\t\t\tdata-counter-suffix=\"\"\n\t\t\t\t\t\t\t\t\t>Toate propunerile<\/option>\n\t\t\t\t\t\t\t\t\t\t<option\n\t\t\t\t\tvalue=\"29\"\n\t\t\t\t\tdata-label=\"Fezibil\"\n\t\t\t\t\tdata-counter-prefix=\"\"\n\t\t\t\t\tdata-counter-suffix=\"\"\n\t\t\t\t\t\t\t\t\t>Fezibil<\/option>\n\t\t\t\t\t\t\t\t\t\t<option\n\t\t\t\t\tvalue=\"35\"\n\t\t\t\t\tdata-label=\"Implimentat\"\n\t\t\t\t\tdata-counter-prefix=\"\"\n\t\t\t\t\tdata-counter-suffix=\"\"\n\t\t\t\t\t\t\t\t\t>Implimentat<\/option>\n\t\t\t\t\t\t\t\t\t\t<option\n\t\t\t\t\tvalue=\"81\"\n\t\t\t\t\tdata-label=\"Nu a primit sprijin din partea publicului\"\n\t\t\t\t\tdata-counter-prefix=\"\"\n\t\t\t\t\tdata-counter-suffix=\"\"\n\t\t\t\t\t\t\t\t\t>Nu a primit sprijin din partea publicului<\/option>\n\t\t\t<\/select>\n\t<\/div>\n<\/div><div class=\"jet-smart-filters-select jet-filter \" data-indexer-rule=\"show\" data-show-counter=\"\" data-change-counter=\"always\"><div class=\"jet-select\" data-query-type=\"tax_query\" data-query-var=\"rocnik\" data-smart-filter=\"select\" data-filter-id=\"4961\" data-apply-type=\"mixed-reload\" data-content-provider=\"epro-posts\" data-additional-providers=\"\" data-query-id=\"default\" data-active-label=\"\" data-layout-options=\"{&quot;show_label&quot;:&quot;&quot;,&quot;display_options&quot;:{&quot;show_items_label&quot;:false,&quot;show_decorator&quot;:false,&quot;filter_image_size&quot;:&quot;full&quot;,&quot;show_counter&quot;:false}}\" data-query-var-suffix=\"\">\n\t\t\t\t<select\n\t\t\tclass=\"jet-select__control\"\n\t\t\tname=\"rocnik\"\n\t\t\t\t\t\taria-label=\"Edition\"\n\t\t>\n\t\t\n\t\t\t\t\t\t\t\t\t<option\n\t\t\t\t\tvalue=\"\"\n\t\t\t\t\tdata-label=\"Vezi toate edi\u021biile\"\n\t\t\t\t\tdata-counter-prefix=\"\"\n\t\t\t\t\tdata-counter-suffix=\"\"\n\t\t\t\t\t\t\t\t\t>Vezi toate edi\u021biile<\/option>\n\t\t\t\t\t\t\t\t\t\t<option\n\t\t\t\t\tvalue=\"32\"\n\t\t\t\t\tdata-label=\"2020\"\n\t\t\t\t\tdata-counter-prefix=\"\"\n\t\t\t\t\tdata-counter-suffix=\"\"\n\t\t\t\t\t\t\t\t\t>2020<\/option>\n\t\t\t<\/select>\n\t<\/div>\n<\/div><\/div>\t\t<\/div>\n\t\t\t\t<\/div>\n\t\t\t\t<div class=\"elementor-element elementor-element-75a3ccb elementor-grid-3 elementor-grid-tablet-2 elementor-grid-mobile-1 elementor-posts--thumbnail-top elementor-card-shadow-yes elementor-posts__hover-gradient elementor-widget elementor-widget-posts\" data-id=\"75a3ccb\" data-element_type=\"widget\" data-settings=\"{&quot;cards_columns&quot;:&quot;3&quot;,&quot;cards_columns_tablet&quot;:&quot;2&quot;,&quot;cards_columns_mobile&quot;:&quot;1&quot;,&quot;cards_row_gap&quot;:{&quot;unit&quot;:&quot;px&quot;,&quot;size&quot;:35,&quot;sizes&quot;:[]},&quot;cards_row_gap_tablet&quot;:{&quot;unit&quot;:&quot;px&quot;,&quot;size&quot;:&quot;&quot;,&quot;sizes&quot;:[]},&quot;cards_row_gap_mobile&quot;:{&quot;unit&quot;:&quot;px&quot;,&quot;size&quot;:&quot;&quot;,&quot;sizes&quot;:[]}}\" data-widget_type=\"posts.cards\">\n\t\t\t\t<div class=\"elementor-widget-container\">\n\t\t\t\t\t<div class=\"elementor-posts-container elementor-posts elementor-posts--skin-cards elementor-grid\">\n\t\t\t\t<article class=\"elementor-post elementor-grid-item post-7070 navrhy type-navrhy status-publish has-post-thumbnail hentry status_navrhu-neziskal-podporu-obcanu rocnik-32 domenii-infrastructura-sociala wpbf-post\">\n\t\t\t<div class=\"elementor-post__card\">\n\t\t\t\t<a class=\"elementor-post__thumbnail__link\" href=\"https:\/\/participatorybudgeting.digitalagora.org\/moldovatemplate\/navrhy\/indicatoare-stradale-pentru-or-ialoveni\/\" ><div class=\"elementor-post__thumbnail\"><img width=\"768\" height=\"463\" src=\"https:\/\/participatorybudgeting.digitalagora.org\/moldovatemplate\/wp-content\/uploads\/sites\/69\/2023\/05\/oblozhka_2_0-768x463.jpeg\" class=\"attachment-medium_large size-medium_large wp-image-7072\" alt=\"\" decoding=\"async\" loading=\"lazy\" srcset=\"https:\/\/participatorybudgeting.digitalagora.org\/moldovatemplate\/wp-content\/uploads\/sites\/69\/2023\/05\/oblozhka_2_0-768x463.jpeg 768w, https:\/\/participatorybudgeting.digitalagora.org\/moldovatemplate\/wp-content\/uploads\/sites\/69\/2023\/05\/oblozhka_2_0-300x181.jpeg 300w, https:\/\/participatorybudgeting.digitalagora.org\/moldovatemplate\/wp-content\/uploads\/sites\/69\/2023\/05\/oblozhka_2_0-1024x618.jpeg 1024w, https:\/\/participatorybudgeting.digitalagora.org\/moldovatemplate\/wp-content\/uploads\/sites\/69\/2023\/05\/oblozhka_2_0.jpeg 1460w\" sizes=\"(max-width: 768px) 100vw, 768px\" \/><\/div><\/a>\n\t\t\t\t<div class=\"elementor-post__badge\">Nu a primit sprijin din partea publicului<\/div>\n\t\t\t\t<div class=\"elementor-post__text\">\n\t\t\t\t<h3 class=\"elementor-post__title\">\n\t\t\t<a href=\"https:\/\/participatorybudgeting.digitalagora.org\/moldovatemplate\/navrhy\/indicatoare-stradale-pentru-or-ialoveni\/\" >\n\t\t\t\tIndicatoare stradale pentru or. Ialoveni\t\t\t<\/a>\n\t\t<\/h3>\n\t\t\n\t\t<a class=\"elementor-post__read-more\" href=\"https:\/\/participatorybudgeting.digitalagora.org\/moldovatemplate\/navrhy\/indicatoare-stradale-pentru-or-ialoveni\/\" aria-label=\"Read more about Indicatoare stradale pentru or. Ialoveni\" >\n\t\t\tDetail n\u00e1vrhu \u00bb\t\t<\/a>\n\n\t\t\t\t<\/div>\n\t\t\t\t<div class=\"elementor-post__meta-data\">\n\t\t\t\t\t<span class=\"elementor-post-date\">\n\t\t\t28 May 2023\t\t<\/span>\n\t\t\t\t<span class=\"elementor-post-avatar\">\n\t\t\tNo Comments\t\t<\/span>\n\t\t\t\t<\/div>\n\t\t\t\t\t<\/div>\n\t\t<\/article>\n\t\t\t\t<article class=\"elementor-post elementor-grid-item post-6112 navrhy type-navrhy status-publish has-post-thumbnail hentry status_navrhu-realizovane rocnik-32 domenii-tineret-si-sport wpbf-post\">\n\t\t\t<div class=\"elementor-post__card\">\n\t\t\t\t<a class=\"elementor-post__thumbnail__link\" href=\"https:\/\/participatorybudgeting.digitalagora.org\/moldovatemplate\/navrhy\/uprava-mestske-stezky\/\" ><div class=\"elementor-post__thumbnail\"><img width=\"400\" height=\"250\" src=\"https:\/\/participatorybudgeting.digitalagora.org\/moldovatemplate\/wp-content\/uploads\/sites\/69\/2020\/04\/9-400x250-1.jpg\" class=\"attachment-medium_large size-medium_large wp-image-7056\" alt=\"\" decoding=\"async\" loading=\"lazy\" srcset=\"https:\/\/participatorybudgeting.digitalagora.org\/moldovatemplate\/wp-content\/uploads\/sites\/69\/2020\/04\/9-400x250-1.jpg 400w, https:\/\/participatorybudgeting.digitalagora.org\/moldovatemplate\/wp-content\/uploads\/sites\/69\/2020\/04\/9-400x250-1-300x188.jpg 300w\" sizes=\"(max-width: 400px) 100vw, 400px\" \/><\/div><\/a>\n\t\t\t\t<div class=\"elementor-post__badge\">Implimentat<\/div>\n\t\t\t\t<div class=\"elementor-post__text\">\n\t\t\t\t<h3 class=\"elementor-post__title\">\n\t\t\t<a href=\"https:\/\/participatorybudgeting.digitalagora.org\/moldovatemplate\/navrhy\/uprava-mestske-stezky\/\" >\n\t\t\t\tAmenajarea unui teren sportiv multifunc\u021bional pe str. P\u0103cii, or. Ialoveni\t\t\t<\/a>\n\t\t<\/h3>\n\t\t\n\t\t<a class=\"elementor-post__read-more\" href=\"https:\/\/participatorybudgeting.digitalagora.org\/moldovatemplate\/navrhy\/uprava-mestske-stezky\/\" aria-label=\"Read more about Amenajarea unui teren sportiv multifunc\u021bional pe str. P\u0103cii, or. Ialoveni\" >\n\t\t\tDetail n\u00e1vrhu \u00bb\t\t<\/a>\n\n\t\t\t\t<\/div>\n\t\t\t\t<div class=\"elementor-post__meta-data\">\n\t\t\t\t\t<span class=\"elementor-post-date\">\n\t\t\t3 April 2020\t\t<\/span>\n\t\t\t\t<span class=\"elementor-post-avatar\">\n\t\t\tNo Comments\t\t<\/span>\n\t\t\t\t<\/div>\n\t\t\t\t\t<\/div>\n\t\t<\/article>\n\t\t\t\t<\/div>\n\t\t\n\t\t\t\t<\/div>\n\t\t\t\t<\/div>\n\t\t\t\t<div class=\"elementor-element elementor-element-aff7210 elementor-widget elementor-widget-jet-smart-filters-pagination\" data-id=\"aff7210\" data-element_type=\"widget\" data-widget_type=\"jet-smart-filters-pagination.default\">\n\t\t\t\t<div class=\"elementor-widget-container\">\n\t\t\t<div\n\t\t\t\tclass=\"jet-smart-filters-pagination jet-filter\"\n\t\t\t\tdata-apply-provider=\"epro-posts\"\n\t\t\t\tdata-content-provider=\"epro-posts\"\n\t\t\t\tdata-query-id=\"default\"\n\t\t\t\tdata-controls=\"{&quot;items_enabled&quot;:true,&quot;pages_mid_size&quot;:0,&quot;pages_end_size&quot;:0,&quot;nav_enabled&quot;:false,&quot;load_more_enabled&quot;:false,&quot;provider_top_offset&quot;:100}\"\n\t\t\t\tdata-apply-type=\"mixed\"\n\t\t\t><\/div>\t\t<\/div>\n\t\t\t\t<\/div>\n\t\t\t\t\t\t<\/div>\n\t\t\t\t\t<\/div>\n\t\t<\/div>\n\t\t\t\t\t\t\t\t<\/div>\n\t\t\t\t\t<\/div>\n\t\t<\/section>\n\t\t<!-- hidden section -->\t\t\t\t\t\t\t<\/div>\n\t\t\t<\/div>\n\t\t\t\t\t<\/div>\n\t\t","protected":false},"excerpt":{"rendered":"<p>Vezi pe hart\u0103! Toate propunerile Fezibil Implimentat Nu a primit sprijin din partea publicului Vezi toate edi\u021biile 2020 No drafts have been submitted yet.<\/p>\n","protected":false},"author":25,"featured_media":0,"parent":0,"menu_order":0,"comment_status":"closed","ping_status":"closed","template":"","meta":[],"acf":[],"yoast_head":"<!-- This site is optimized with the Yoast SEO plugin v21.8.1 - https:\/\/yoast.com\/wordpress\/plugins\/seo\/ -->\n<title>Galerie - Moldova template<\/title>\n<meta name=\"robots\" content=\"noindex, follow, max-snippet:-1, max-image-preview:large, max-video-preview:-1\" \/>\n<meta property=\"og:locale\" content=\"en_GB\" \/>\n<meta property=\"og:type\" content=\"article\" \/>\n<meta property=\"og:title\" content=\"Galerie - Moldova template\" \/>\n<meta property=\"og:description\" content=\"Vezi pe hart\u0103! Toate propunerile Fezibil Implimentat Nu a primit sprijin din partea publicului Vezi toate edi\u021biile 2020 No drafts have been submitted yet.\" \/>\n<meta property=\"og:url\" content=\"https:\/\/participatorybudgeting.digitalagora.org\/moldovatemplate\/gallery\/\" \/>\n<meta property=\"og:site_name\" content=\"Moldova template\" \/>\n<meta property=\"article:modified_time\" content=\"2023-06-08T12:02:12+00:00\" \/>\n<meta property=\"og:image\" content=\"https:\/\/participatorybudgeting.digitalagora.org\/moldovatemplate\/wp-content\/uploads\/sites\/69\/2020\/02\/web-mesta-teaser-universal.png\" \/>\n\t<meta property=\"og:image:width\" content=\"1000\" \/>\n\t<meta property=\"og:image:height\" content=\"562\" \/>\n\t<meta property=\"og:image:type\" content=\"image\/png\" \/>\n<meta name=\"twitter:card\" content=\"summary_large_image\" \/>\n<script type=\"application\/ld+json\" class=\"yoast-schema-graph\">{\"@context\":\"https:\/\/schema.org\",\"@graph\":[{\"@type\":\"WebPage\",\"@id\":\"https:\/\/participatorybudgeting.digitalagora.org\/moldovatemplate\/gallery\/\",\"url\":\"https:\/\/participatorybudgeting.digitalagora.org\/moldovatemplate\/gallery\/\",\"name\":\"Galerie - Moldova template\",\"isPartOf\":{\"@id\":\"https:\/\/participatorybudgeting.digitalagora.org\/moldovatemplate\/#website\"},\"datePublished\":\"2019-09-21T19:29:12+00:00\",\"dateModified\":\"2023-06-08T12:02:12+00:00\",\"breadcrumb\":{\"@id\":\"https:\/\/participatorybudgeting.digitalagora.org\/moldovatemplate\/gallery\/#breadcrumb\"},\"inLanguage\":\"en-GB\",\"potentialAction\":[{\"@type\":\"ReadAction\",\"target\":[\"https:\/\/participatorybudgeting.digitalagora.org\/moldovatemplate\/gallery\/\"]}]},{\"@type\":\"BreadcrumbList\",\"@id\":\"https:\/\/participatorybudgeting.digitalagora.org\/moldovatemplate\/gallery\/#breadcrumb\",\"itemListElement\":[{\"@type\":\"ListItem\",\"position\":1,\"name\":\"Dom\u016f\",\"item\":\"https:\/\/participatorybudgeting.digitalagora.org\/moldovatemplate\/\"},{\"@type\":\"ListItem\",\"position\":2,\"name\":\"Galerie\"}]},{\"@type\":\"WebSite\",\"@id\":\"https:\/\/participatorybudgeting.digitalagora.org\/moldovatemplate\/#website\",\"url\":\"https:\/\/participatorybudgeting.digitalagora.org\/moldovatemplate\/\",\"name\":\"Moldova template\",\"description\":\"Acest site este parte a proiectului \u201eBugetare mai transparent\u0103 \u0219i incluziv\u0103 \u00een Moldova: implicarea cet\u0103\u021benilor activi \u0219i a tinerilor din trei municipii \u00een formarea buget\u0103rii \u0219i transferul de experien\u021b\u0103 \u00een alte municipii Moldova\u201d.\",\"publisher\":{\"@id\":\"https:\/\/participatorybudgeting.digitalagora.org\/moldovatemplate\/#organization\"},\"potentialAction\":[{\"@type\":\"SearchAction\",\"target\":{\"@type\":\"EntryPoint\",\"urlTemplate\":\"https:\/\/participatorybudgeting.digitalagora.org\/moldovatemplate\/?s={search_term_string}\"},\"query-input\":\"required name=search_term_string\"}],\"inLanguage\":\"en-GB\"},{\"@type\":\"Organization\",\"@id\":\"https:\/\/participatorybudgeting.digitalagora.org\/moldovatemplate\/#organization\",\"name\":\"Moldova template\",\"url\":\"https:\/\/participatorybudgeting.digitalagora.org\/moldovatemplate\/\",\"logo\":{\"@type\":\"ImageObject\",\"inLanguage\":\"en-GB\",\"@id\":\"https:\/\/participatorybudgeting.digitalagora.org\/moldovatemplate\/#\/schema\/logo\/image\/\",\"url\":\"https:\/\/participatorybudgeting.digitalagora.org\/moldovatemplate\/wp-content\/uploads\/sites\/69\/2023\/06\/Logo-Moldova.png\",\"contentUrl\":\"https:\/\/participatorybudgeting.digitalagora.org\/moldovatemplate\/wp-content\/uploads\/sites\/69\/2023\/06\/Logo-Moldova.png\",\"width\":307,\"height\":164,\"caption\":\"Moldova template\"},\"image\":{\"@id\":\"https:\/\/participatorybudgeting.digitalagora.org\/moldovatemplate\/#\/schema\/logo\/image\/\"}}]}<\/script>\n<!-- \/ Yoast SEO plugin. -->","yoast_head_json":{"title":"Galerie - Moldova template","robots":{"index":"noindex","follow":"follow","max-snippet":"max-snippet:-1","max-image-preview":"max-image-preview:large","max-video-preview":"max-video-preview:-1"},"og_locale":"en_GB","og_type":"article","og_title":"Galerie - Moldova template","og_description":"Vezi pe hart\u0103! Toate propunerile Fezibil Implimentat Nu a primit sprijin din partea publicului Vezi toate edi\u021biile 2020 No drafts have been submitted yet.","og_url":"https:\/\/participatorybudgeting.digitalagora.org\/moldovatemplate\/gallery\/","og_site_name":"Moldova template","article_modified_time":"2023-06-08T12:02:12+00:00","og_image":[{"width":1000,"height":562,"url":"https:\/\/participatorybudgeting.digitalagora.org\/moldovatemplate\/wp-content\/uploads\/sites\/69\/2020\/02\/web-mesta-teaser-universal.png","type":"image\/png"}],"twitter_card":"summary_large_image","schema":{"@context":"https:\/\/schema.org","@graph":[{"@type":"WebPage","@id":"https:\/\/participatorybudgeting.digitalagora.org\/moldovatemplate\/gallery\/","url":"https:\/\/participatorybudgeting.digitalagora.org\/moldovatemplate\/gallery\/","name":"Galerie - Moldova template","isPartOf":{"@id":"https:\/\/participatorybudgeting.digitalagora.org\/moldovatemplate\/#website"},"datePublished":"2019-09-21T19:29:12+00:00","dateModified":"2023-06-08T12:02:12+00:00","breadcrumb":{"@id":"https:\/\/participatorybudgeting.digitalagora.org\/moldovatemplate\/gallery\/#breadcrumb"},"inLanguage":"en-GB","potentialAction":[{"@type":"ReadAction","target":["https:\/\/participatorybudgeting.digitalagora.org\/moldovatemplate\/gallery\/"]}]},{"@type":"BreadcrumbList","@id":"https:\/\/participatorybudgeting.digitalagora.org\/moldovatemplate\/gallery\/#breadcrumb","itemListElement":[{"@type":"ListItem","position":1,"name":"Dom\u016f","item":"https:\/\/participatorybudgeting.digitalagora.org\/moldovatemplate\/"},{"@type":"ListItem","position":2,"name":"Galerie"}]},{"@type":"WebSite","@id":"https:\/\/participatorybudgeting.digitalagora.org\/moldovatemplate\/#website","url":"https:\/\/participatorybudgeting.digitalagora.org\/moldovatemplate\/","name":"Moldova template","description":"Acest site este parte a proiectului \u201eBugetare mai transparent\u0103 \u0219i incluziv\u0103 \u00een Moldova: implicarea cet\u0103\u021benilor activi \u0219i a tinerilor din trei municipii \u00een formarea buget\u0103rii \u0219i transferul de experien\u021b\u0103 \u00een alte municipii Moldova\u201d.","publisher":{"@id":"https:\/\/participatorybudgeting.digitalagora.org\/moldovatemplate\/#organization"},"potentialAction":[{"@type":"SearchAction","target":{"@type":"EntryPoint","urlTemplate":"https:\/\/participatorybudgeting.digitalagora.org\/moldovatemplate\/?s={search_term_string}"},"query-input":"required name=search_term_string"}],"inLanguage":"en-GB"},{"@type":"Organization","@id":"https:\/\/participatorybudgeting.digitalagora.org\/moldovatemplate\/#organization","name":"Moldova template","url":"https:\/\/participatorybudgeting.digitalagora.org\/moldovatemplate\/","logo":{"@type":"ImageObject","inLanguage":"en-GB","@id":"https:\/\/participatorybudgeting.digitalagora.org\/moldovatemplate\/#\/schema\/logo\/image\/","url":"https:\/\/participatorybudgeting.digitalagora.org\/moldovatemplate\/wp-content\/uploads\/sites\/69\/2023\/06\/Logo-Moldova.png","contentUrl":"https:\/\/participatorybudgeting.digitalagora.org\/moldovatemplate\/wp-content\/uploads\/sites\/69\/2023\/06\/Logo-Moldova.png","width":307,"height":164,"caption":"Moldova template"},"image":{"@id":"https:\/\/participatorybudgeting.digitalagora.org\/moldovatemplate\/#\/schema\/logo\/image\/"}}]}},"_links":{"self":[{"href":"https:\/\/participatorybudgeting.digitalagora.org\/moldovatemplate\/wp-json\/wp\/v2\/pages\/938"}],"collection":[{"href":"https:\/\/participatorybudgeting.digitalagora.org\/moldovatemplate\/wp-json\/wp\/v2\/pages"}],"about":[{"href":"https:\/\/participatorybudgeting.digitalagora.org\/moldovatemplate\/wp-json\/wp\/v2\/types\/page"}],"author":[{"embeddable":true,"href":"https:\/\/participatorybudgeting.digitalagora.org\/moldovatemplate\/wp-json\/wp\/v2\/users\/25"}],"replies":[{"embeddable":true,"href":"https:\/\/participatorybudgeting.digitalagora.org\/moldovatemplate\/wp-json\/wp\/v2\/comments?post=938"}],"version-history":[{"count":16,"href":"https:\/\/participatorybudgeting.digitalagora.org\/moldovatemplate\/wp-json\/wp\/v2\/pages\/938\/revisions"}],"predecessor-version":[{"id":7162,"href":"https:\/\/participatorybudgeting.digitalagora.org\/moldovatemplate\/wp-json\/wp\/v2\/pages\/938\/revisions\/7162"}],"wp:attachment":[{"href":"https:\/\/participatorybudgeting.digitalagora.org\/moldovatemplate\/wp-json\/wp\/v2\/media?parent=938"}],"curies":[{"name":"wp","href":"https:\/\/api.w.org\/{rel}","templated":true}]}}