{"id":1059,"date":"2019-09-22T02:15:41","date_gmt":"2019-09-22T00:15:41","guid":{"rendered":"http:\/\/www.participativni-rozpocet.cz\/webmesta2\/?page_id=1059"},"modified":"2023-05-04T17:23:23","modified_gmt":"2023-05-04T15:23:23","slug":"about-web-of-the-city","status":"publish","type":"page","link":"https:\/\/participatorybudgeting.digitalagora.org\/straseni\/about-web-of-the-city\/","title":{"rendered":"About web of the city"},"content":{"rendered":"\t\t<div data-elementor-type=\"wp-post\" data-elementor-id=\"1059\" class=\"elementor elementor-1059\">\n\t\t\t\t\t\t<div class=\"elementor-inner\">\n\t\t\t\t<div class=\"elementor-section-wrap\">\n\t\t\t\t\t\t\t\t\t<section class=\"elementor-section elementor-top-section elementor-element elementor-element-f05e952 elementor-section-boxed elementor-section-height-default elementor-section-height-default\" data-id=\"f05e952\" data-element_type=\"section\">\n\t\t\t\t\t\t<div class=\"elementor-container elementor-column-gap-default\">\n\t\t\t\t\t\t\t<div class=\"elementor-row\">\n\t\t\t\t\t<div class=\"elementor-column elementor-col-100 elementor-top-column elementor-element elementor-element-00e7c19\" data-id=\"00e7c19\" data-element_type=\"column\">\n\t\t\t<div class=\"elementor-column-wrap elementor-element-populated\">\n\t\t\t\t\t\t\t<div class=\"elementor-widget-wrap\">\n\t\t\t\t\t\t<div class=\"elementor-element elementor-element-963a78c elementor-widget elementor-widget-text-editor\" data-id=\"963a78c\" data-element_type=\"widget\" data-widget_type=\"text-editor.default\">\n\t\t\t\t<div class=\"elementor-widget-container\">\n\t\t\t\t\t\t\t\t<div class=\"elementor-text-editor elementor-clearfix\">\n\t\t\t\t<p>The web of the city is a so-called participatory budget. Participatory budgeting enables citizens to participate in decision-making about the development of their municipality.<\/p><p>The town hall allocates part of the money from the annual budget, and the residents then submit proposals on what should be improved in the city with this money in the following year.<\/p><p>During the assessment of feasibility of these proposals, citizens meet at local or thematic public discussions with the assistance of the city. They discuss what they want to change in their municipality and how.<\/p><p>The culmination is a popular vote on which proposals the municipality should implement.<\/p>\t\t\t\t\t<\/div>\n\t\t\t\t\t\t<\/div>\n\t\t\t\t<\/div>\n\t\t\t\t<div class=\"elementor-element elementor-element-6af9377 elementor-widget elementor-widget-heading\" data-id=\"6af9377\" data-element_type=\"widget\" data-widget_type=\"heading.default\">\n\t\t\t\t<div class=\"elementor-widget-container\">\n\t\t\t<h2 class=\"elementor-heading-title elementor-size-default\">What ideas you can propose?<\/h2>\t\t<\/div>\n\t\t\t\t<\/div>\n\t\t\t\t<div class=\"elementor-element elementor-element-2dd0a3f elementor-widget elementor-widget-text-editor\" data-id=\"2dd0a3f\" data-element_type=\"widget\" data-widget_type=\"text-editor.default\">\n\t\t\t\t<div class=\"elementor-widget-container\">\n\t\t\t\t\t\t\t\t<div class=\"elementor-text-editor elementor-clearfix\">\n\t\t\t\t<p>Topics for your proposals are not limited in any way; your ideas can relate to anything starting from repairing a bench or trash can in the park, establishing barrier-free access or a pedestrian crossing to organizing theater play, lecture, etc.<\/p><p>Your proposal must meet only a few basic conditions:<\/p><ul><li>One of the main criteria is the realization of the proposal on the territory of the city, and in the case of modifications of public spaces, they must be realized on land owned by the city.<\/li><li>The financial costs of implementing your proposal must not exceed \u2026 .<\/li><li>When creating a proposal, pay attention to complying with the rules for its submission and to provide the office with as much information as possible to assess its feasibility.<\/li><\/ul>\t\t\t\t\t<\/div>\n\t\t\t\t\t\t<\/div>\n\t\t\t\t<\/div>\n\t\t\t\t<div class=\"elementor-element elementor-element-a6e127f elementor-widget elementor-widget-heading\" data-id=\"a6e127f\" data-element_type=\"widget\" data-widget_type=\"heading.default\">\n\t\t\t\t<div class=\"elementor-widget-container\">\n\t\t\t<h2 class=\"elementor-heading-title elementor-size-default\">Time schedule 2020<\/h2>\t\t<\/div>\n\t\t\t\t<\/div>\n\t\t\t\t\t\t<\/div>\n\t\t\t\t\t<\/div>\n\t\t<\/div>\n\t\t\t\t\t\t\t\t<\/div>\n\t\t\t\t\t<\/div>\n\t\t<\/section>\n\t\t\t\t<section class=\"elementor-section elementor-top-section elementor-element elementor-element-eab7b73 elementor-section-boxed elementor-section-height-default elementor-section-height-default\" data-id=\"eab7b73\" data-element_type=\"section\">\n\t\t\t\t\t\t<div class=\"elementor-container elementor-column-gap-wide\">\n\t\t\t\t\t\t\t<div class=\"elementor-row\">\n\t\t\t\t\t<div class=\"elementor-column elementor-col-25 elementor-top-column elementor-element elementor-element-decf705\" data-id=\"decf705\" data-element_type=\"column\">\n\t\t\t<div class=\"elementor-column-wrap elementor-element-populated\">\n\t\t\t\t\t\t\t<div class=\"elementor-widget-wrap\">\n\t\t\t\t\t\t<div class=\"elementor-element elementor-element-ecedf9b elementor-view-default elementor-mobile-position-top elementor-vertical-align-top elementor-widget elementor-widget-global elementor-global-1907 elementor-widget-icon-box\" data-id=\"ecedf9b\" data-element_type=\"widget\" data-widget_type=\"icon-box.default\">\n\t\t\t\t<div class=\"elementor-widget-container\">\n\t\t\t\t\t<div class=\"elementor-icon-box-wrapper\">\n\t\t\t\t\t\t<div class=\"elementor-icon-box-icon\">\n\t\t\t\t<span class=\"elementor-icon elementor-animation-\" >\n\t\t\t\t<i aria-hidden=\"true\" class=\"fas fa-money-bill-wave\"><\/i>\t\t\t\t<\/span>\n\t\t\t<\/div>\n\t\t\t\t\t\t<div class=\"elementor-icon-box-content\">\n\t\t\t\t<h5 class=\"elementor-icon-box-title\">\n\t\t\t\t\t<span  >\n\t\t\t\t\t\tPrim\u0103ria aloc\u0103 o parte din buget\t\t\t\t\t<\/span>\n\t\t\t\t<\/h5>\n\t\t\t\t\t\t\t\t\t<p class=\"elementor-icon-box-description\">\n\t\t\t\t\t\t 2023\t\t\t\t\t<\/p>\n\t\t\t\t\t\t\t<\/div>\n\t\t<\/div>\n\t\t\t\t<\/div>\n\t\t\t\t<\/div>\n\t\t\t\t\t\t<\/div>\n\t\t\t\t\t<\/div>\n\t\t<\/div>\n\t\t\t\t<div class=\"elementor-column elementor-col-25 elementor-top-column elementor-element elementor-element-6fab5ab\" data-id=\"6fab5ab\" data-element_type=\"column\">\n\t\t\t<div class=\"elementor-column-wrap elementor-element-populated\">\n\t\t\t\t\t\t\t<div class=\"elementor-widget-wrap\">\n\t\t\t\t\t\t<div class=\"elementor-element elementor-element-75b44be elementor-view-default elementor-mobile-position-top elementor-vertical-align-top elementor-widget elementor-widget-global elementor-global-1916 elementor-widget-icon-box\" data-id=\"75b44be\" data-element_type=\"widget\" data-widget_type=\"icon-box.default\">\n\t\t\t\t<div class=\"elementor-widget-container\">\n\t\t\t\t\t<div class=\"elementor-icon-box-wrapper\">\n\t\t\t\t\t\t<div class=\"elementor-icon-box-icon\">\n\t\t\t\t<span class=\"elementor-icon elementor-animation-\" >\n\t\t\t\t<i aria-hidden=\"true\" class=\"fas fa-file-invoice\"><\/i>\t\t\t\t<\/span>\n\t\t\t<\/div>\n\t\t\t\t\t\t<div class=\"elementor-icon-box-content\">\n\t\t\t\t<h5 class=\"elementor-icon-box-title\">\n\t\t\t\t\t<span  >\n\t\t\t\t\t\tDepunerea proiectelor\t\t\t\t\t<\/span>\n\t\t\t\t<\/h5>\n\t\t\t\t\t\t\t\t\t<p class=\"elementor-icon-box-description\">\n\t\t\t\t\t\tMai-August 2023\t\t\t\t\t<\/p>\n\t\t\t\t\t\t\t<\/div>\n\t\t<\/div>\n\t\t\t\t<\/div>\n\t\t\t\t<\/div>\n\t\t\t\t\t\t<\/div>\n\t\t\t\t\t<\/div>\n\t\t<\/div>\n\t\t\t\t<div class=\"elementor-column elementor-col-25 elementor-top-column elementor-element elementor-element-9243a71\" data-id=\"9243a71\" data-element_type=\"column\">\n\t\t\t<div class=\"elementor-column-wrap elementor-element-populated\">\n\t\t\t\t\t\t\t<div class=\"elementor-widget-wrap\">\n\t\t\t\t\t\t<div class=\"elementor-element elementor-element-4263f14 elementor-view-default elementor-mobile-position-top elementor-vertical-align-top elementor-widget elementor-widget-global elementor-global-1929 elementor-widget-icon-box\" data-id=\"4263f14\" data-element_type=\"widget\" data-widget_type=\"icon-box.default\">\n\t\t\t\t<div class=\"elementor-widget-container\">\n\t\t\t\t\t<div class=\"elementor-icon-box-wrapper\">\n\t\t\t\t\t\t<div class=\"elementor-icon-box-icon\">\n\t\t\t\t<span class=\"elementor-icon elementor-animation-\" >\n\t\t\t\t<i aria-hidden=\"true\" class=\"fas fa-search-location\"><\/i>\t\t\t\t<\/span>\n\t\t\t<\/div>\n\t\t\t\t\t\t<div class=\"elementor-icon-box-content\">\n\t\t\t\t<h5 class=\"elementor-icon-box-title\">\n\t\t\t\t\t<span  >\n\t\t\t\t\t\tAnaliza proiectelor \t\t\t\t\t<\/span>\n\t\t\t\t<\/h5>\n\t\t\t\t\t\t\t\t\t<p class=\"elementor-icon-box-description\">\n\t\t\t\t\t\tIunie - Septembrie 2023\t\t\t\t\t<\/p>\n\t\t\t\t\t\t\t<\/div>\n\t\t<\/div>\n\t\t\t\t<\/div>\n\t\t\t\t<\/div>\n\t\t\t\t\t\t<\/div>\n\t\t\t\t\t<\/div>\n\t\t<\/div>\n\t\t\t\t<div class=\"elementor-column elementor-col-25 elementor-top-column elementor-element elementor-element-1515438\" data-id=\"1515438\" data-element_type=\"column\">\n\t\t\t<div class=\"elementor-column-wrap elementor-element-populated\">\n\t\t\t\t\t\t\t<div class=\"elementor-widget-wrap\">\n\t\t\t\t\t\t<div class=\"elementor-element elementor-element-e5277d6 elementor-view-default elementor-mobile-position-top elementor-vertical-align-top elementor-widget elementor-widget-global elementor-global-1937 elementor-widget-icon-box\" data-id=\"e5277d6\" data-element_type=\"widget\" data-widget_type=\"icon-box.default\">\n\t\t\t\t<div class=\"elementor-widget-container\">\n\t\t\t\t\t<div class=\"elementor-icon-box-wrapper\">\n\t\t\t\t\t\t<div class=\"elementor-icon-box-icon\">\n\t\t\t\t<span class=\"elementor-icon elementor-animation-\" >\n\t\t\t\t<i aria-hidden=\"true\" class=\"fas fa-comments\"><\/i>\t\t\t\t<\/span>\n\t\t\t<\/div>\n\t\t\t\t\t\t<div class=\"elementor-icon-box-content\">\n\t\t\t\t<h5 class=\"elementor-icon-box-title\">\n\t\t\t\t\t<span  >\n\t\t\t\t\t\tCet\u0103\u021benii discut\u0103 proiectele\t\t\t\t\t<\/span>\n\t\t\t\t<\/h5>\n\t\t\t\t\t\t\t\t\t<p class=\"elementor-icon-box-description\">\n\t\t\t\t\t\tIunie-Octombrie 2023\t\t\t\t\t<\/p>\n\t\t\t\t\t\t\t<\/div>\n\t\t<\/div>\n\t\t\t\t<\/div>\n\t\t\t\t<\/div>\n\t\t\t\t\t\t<\/div>\n\t\t\t\t\t<\/div>\n\t\t<\/div>\n\t\t\t\t\t\t\t\t<\/div>\n\t\t\t\t\t<\/div>\n\t\t<\/section>\n\t\t\t\t<section class=\"elementor-section elementor-top-section elementor-element elementor-element-7717365 elementor-section-boxed elementor-section-height-default elementor-section-height-default\" data-id=\"7717365\" data-element_type=\"section\">\n\t\t\t\t\t\t<div class=\"elementor-container elementor-column-gap-wide\">\n\t\t\t\t\t\t\t<div class=\"elementor-row\">\n\t\t\t\t\t<div class=\"elementor-column elementor-col-25 elementor-top-column elementor-element elementor-element-184d57d\" data-id=\"184d57d\" data-element_type=\"column\">\n\t\t\t<div class=\"elementor-column-wrap\">\n\t\t\t\t\t\t\t<div class=\"elementor-widget-wrap\">\n\t\t\t\t\t\t\t\t<\/div>\n\t\t\t\t\t<\/div>\n\t\t<\/div>\n\t\t\t\t<div class=\"elementor-column elementor-col-25 elementor-top-column elementor-element elementor-element-07ef5ad\" data-id=\"07ef5ad\" data-element_type=\"column\">\n\t\t\t<div class=\"elementor-column-wrap elementor-element-populated\">\n\t\t\t\t\t\t\t<div class=\"elementor-widget-wrap\">\n\t\t\t\t\t\t<div class=\"elementor-element elementor-element-f25091d elementor-view-default elementor-mobile-position-top elementor-vertical-align-top elementor-widget elementor-widget-global elementor-global-1948 elementor-widget-icon-box\" data-id=\"f25091d\" data-element_type=\"widget\" data-widget_type=\"icon-box.default\">\n\t\t\t\t<div class=\"elementor-widget-container\">\n\t\t\t\t\t<div class=\"elementor-icon-box-wrapper\">\n\t\t\t\t\t\t<div class=\"elementor-icon-box-icon\">\n\t\t\t\t<span class=\"elementor-icon elementor-animation-\" >\n\t\t\t\t<i aria-hidden=\"true\" class=\"fas fa-vote-yea\"><\/i>\t\t\t\t<\/span>\n\t\t\t<\/div>\n\t\t\t\t\t\t<div class=\"elementor-icon-box-content\">\n\t\t\t\t<h5 class=\"elementor-icon-box-title\">\n\t\t\t\t\t<span  >\n\t\t\t\t\t\tVotarea\t\t\t\t\t<\/span>\n\t\t\t\t<\/h5>\n\t\t\t\t\t\t\t\t\t<p class=\"elementor-icon-box-description\">\n\t\t\t\t\t\t27 noiembrie - 18 decembrie  2023\t\t\t\t\t<\/p>\n\t\t\t\t\t\t\t<\/div>\n\t\t<\/div>\n\t\t\t\t<\/div>\n\t\t\t\t<\/div>\n\t\t\t\t\t\t<\/div>\n\t\t\t\t\t<\/div>\n\t\t<\/div>\n\t\t\t\t<div class=\"elementor-column elementor-col-25 elementor-top-column elementor-element elementor-element-dffac65\" data-id=\"dffac65\" data-element_type=\"column\">\n\t\t\t<div class=\"elementor-column-wrap elementor-element-populated\">\n\t\t\t\t\t\t\t<div class=\"elementor-widget-wrap\">\n\t\t\t\t\t\t<div class=\"elementor-element elementor-element-1306a67 elementor-view-default elementor-mobile-position-top elementor-vertical-align-top elementor-widget elementor-widget-global elementor-global-1951 elementor-widget-icon-box\" data-id=\"1306a67\" data-element_type=\"widget\" data-widget_type=\"icon-box.default\">\n\t\t\t\t<div class=\"elementor-widget-container\">\n\t\t\t\t\t<div class=\"elementor-icon-box-wrapper\">\n\t\t\t\t\t\t<div class=\"elementor-icon-box-icon\">\n\t\t\t\t<span class=\"elementor-icon elementor-animation-\" >\n\t\t\t\t<i aria-hidden=\"true\" class=\"fas fa-hammer\"><\/i>\t\t\t\t<\/span>\n\t\t\t<\/div>\n\t\t\t\t\t\t<div class=\"elementor-icon-box-content\">\n\t\t\t\t<h5 class=\"elementor-icon-box-title\">\n\t\t\t\t\t<span  >\n\t\t\t\t\t\tImplementarea proiectului\t\t\t\t\t<\/span>\n\t\t\t\t<\/h5>\n\t\t\t\t\t\t\t\t\t<p class=\"elementor-icon-box-description\">\n\t\t\t\t\t\tIanuarie- Iunie 2024\t\t\t\t\t<\/p>\n\t\t\t\t\t\t\t<\/div>\n\t\t<\/div>\n\t\t\t\t<\/div>\n\t\t\t\t<\/div>\n\t\t\t\t\t\t<\/div>\n\t\t\t\t\t<\/div>\n\t\t<\/div>\n\t\t\t\t<div class=\"elementor-column elementor-col-25 elementor-top-column elementor-element elementor-element-b645d6f\" data-id=\"b645d6f\" data-element_type=\"column\">\n\t\t\t<div class=\"elementor-column-wrap\">\n\t\t\t\t\t\t\t<div class=\"elementor-widget-wrap\">\n\t\t\t\t\t\t\t\t<\/div>\n\t\t\t\t\t<\/div>\n\t\t<\/div>\n\t\t\t\t\t\t\t\t<\/div>\n\t\t\t\t\t<\/div>\n\t\t<\/section>\n\t\t\t\t<section class=\"elementor-section elementor-top-section elementor-element elementor-element-54a8d41 elementor-section-boxed elementor-section-height-default elementor-section-height-default\" data-id=\"54a8d41\" data-element_type=\"section\">\n\t\t\t\t\t\t<div class=\"elementor-container elementor-column-gap-default\">\n\t\t\t\t\t\t\t<div class=\"elementor-row\">\n\t\t\t\t\t<div class=\"elementor-column elementor-col-100 elementor-top-column elementor-element elementor-element-90c47e3\" data-id=\"90c47e3\" data-element_type=\"column\">\n\t\t\t<div class=\"elementor-column-wrap elementor-element-populated\">\n\t\t\t\t\t\t\t<div class=\"elementor-widget-wrap\">\n\t\t\t\t\t\t<div class=\"elementor-element elementor-element-810b9e1 elementor-button-info elementor-align-center elementor-widget elementor-widget-button\" data-id=\"810b9e1\" data-element_type=\"widget\" data-widget_type=\"button.default\">\n\t\t\t\t<div class=\"elementor-widget-container\">\n\t\t\t\t\t<div class=\"elementor-button-wrapper\">\n\t\t\t<a href=\"https:\/\/participatorybudgeting.digitalagora.org\/straseni\/propose-your-idea\/\" class=\"elementor-button-link elementor-button elementor-size-sm\" role=\"button\">\n\t\t\t\t\t\t<span class=\"elementor-button-content-wrapper\">\n\t\t\t\t\t\t<span class=\"elementor-button-text\">Let apply with your Idea<\/span>\n\t\t<\/span>\n\t\t\t\t\t<\/a>\n\t\t<\/div>\n\t\t\t\t<\/div>\n\t\t\t\t<\/div>\n\t\t\t\t\t\t<\/div>\n\t\t\t\t\t<\/div>\n\t\t<\/div>\n\t\t\t\t\t\t\t\t<\/div>\n\t\t\t\t\t<\/div>\n\t\t<\/section>\n\t\t\t\t\t\t\t\t\t<\/div>\n\t\t\t<\/div>\n\t\t\t\t\t<\/div>\n\t\t","protected":false},"excerpt":{"rendered":"<p>The web of the city is a so-called participatory budget. Participatory budgeting enables citizens to participate in decision-making about the development of their municipality. The town hall allocates part of the money from the annual budget, and the residents then submit proposals on what should be improved in the city with this money in the [&hellip;]<\/p>\n","protected":false},"author":25,"featured_media":0,"parent":0,"menu_order":0,"comment_status":"closed","ping_status":"closed","template":"","meta":[],"acf":[],"yoast_head":"<!-- This site is optimized with the Yoast SEO plugin v21.8.1 - https:\/\/yoast.com\/wordpress\/plugins\/seo\/ -->\n<title>About web of the city - Str\u0103\u0219eni<\/title>\n<meta name=\"robots\" content=\"index, follow, max-snippet:-1, max-image-preview:large, max-video-preview:-1\" \/>\n<link rel=\"canonical\" href=\"https:\/\/participatorybudgeting.digitalagora.org\/straseni\/about-web-of-the-city\/\" \/>\n<meta property=\"og:locale\" content=\"en_GB\" \/>\n<meta property=\"og:type\" content=\"article\" \/>\n<meta property=\"og:title\" content=\"About web of the city - Str\u0103\u0219eni\" \/>\n<meta property=\"og:description\" content=\"The web of the city is a so-called participatory budget. Participatory budgeting enables citizens to participate in decision-making about the development of their municipality. The town hall allocates part of the money from the annual budget, and the residents then submit proposals on what should be improved in the city with this money in the [&hellip;]\" \/>\n<meta property=\"og:url\" content=\"https:\/\/participatorybudgeting.digitalagora.org\/straseni\/about-web-of-the-city\/\" \/>\n<meta property=\"og:site_name\" content=\"Str\u0103\u0219eni\" \/>\n<meta property=\"article:modified_time\" content=\"2023-05-04T15:23:23+00:00\" \/>\n<meta property=\"og:image\" content=\"https:\/\/participatorybudgeting.digitalagora.org\/straseni\/wp-content\/uploads\/sites\/70\/2020\/02\/web-mesta-teaser-universal.png\" \/>\n\t<meta property=\"og:image:width\" content=\"1000\" \/>\n\t<meta property=\"og:image:height\" content=\"562\" \/>\n\t<meta property=\"og:image:type\" content=\"image\/png\" \/>\n<meta name=\"twitter:card\" content=\"summary_large_image\" \/>\n<meta name=\"twitter:label1\" content=\"Estimated reading time\" \/>\n\t<meta name=\"twitter:data1\" content=\"1 minute\" \/>\n<script type=\"application\/ld+json\" class=\"yoast-schema-graph\">{\"@context\":\"https:\/\/schema.org\",\"@graph\":[{\"@type\":\"WebPage\",\"@id\":\"https:\/\/participatorybudgeting.digitalagora.org\/straseni\/about-web-of-the-city\/\",\"url\":\"https:\/\/participatorybudgeting.digitalagora.org\/straseni\/about-web-of-the-city\/\",\"name\":\"About web of the city - Str\u0103\u0219eni\",\"isPartOf\":{\"@id\":\"https:\/\/participatorybudgeting.digitalagora.org\/straseni\/#website\"},\"datePublished\":\"2019-09-22T00:15:41+00:00\",\"dateModified\":\"2023-05-04T15:23:23+00:00\",\"breadcrumb\":{\"@id\":\"https:\/\/participatorybudgeting.digitalagora.org\/straseni\/about-web-of-the-city\/#breadcrumb\"},\"inLanguage\":\"en-GB\",\"potentialAction\":[{\"@type\":\"ReadAction\",\"target\":[\"https:\/\/participatorybudgeting.digitalagora.org\/straseni\/about-web-of-the-city\/\"]}]},{\"@type\":\"BreadcrumbList\",\"@id\":\"https:\/\/participatorybudgeting.digitalagora.org\/straseni\/about-web-of-the-city\/#breadcrumb\",\"itemListElement\":[{\"@type\":\"ListItem\",\"position\":1,\"name\":\"Dom\u016f\",\"item\":\"https:\/\/participatorybudgeting.digitalagora.org\/straseni\/\"},{\"@type\":\"ListItem\",\"position\":2,\"name\":\"About web of the city\"}]},{\"@type\":\"WebSite\",\"@id\":\"https:\/\/participatorybudgeting.digitalagora.org\/straseni\/#website\",\"url\":\"https:\/\/participatorybudgeting.digitalagora.org\/straseni\/\",\"name\":\"Str\u0103\u0219eni\",\"description\":\"Acest site este parte a proiectului \u201eBugetare mai transparent\u0103 \u0219i incluziv\u0103 \u00een Moldova: implicarea cet\u0103\u021benilor activi \u0219i a tinerilor din trei municipii \u00een formarea buget\u0103rii \u0219i transferul de experien\u021b\u0103 \u00een alte municipii Moldova\u201d.\",\"publisher\":{\"@id\":\"https:\/\/participatorybudgeting.digitalagora.org\/straseni\/#organization\"},\"potentialAction\":[{\"@type\":\"SearchAction\",\"target\":{\"@type\":\"EntryPoint\",\"urlTemplate\":\"https:\/\/participatorybudgeting.digitalagora.org\/straseni\/?s={search_term_string}\"},\"query-input\":\"required name=search_term_string\"}],\"inLanguage\":\"en-GB\"},{\"@type\":\"Organization\",\"@id\":\"https:\/\/participatorybudgeting.digitalagora.org\/straseni\/#organization\",\"name\":\"Str\u0103\u0219eni\",\"url\":\"https:\/\/participatorybudgeting.digitalagora.org\/straseni\/\",\"logo\":{\"@type\":\"ImageObject\",\"inLanguage\":\"en-GB\",\"@id\":\"https:\/\/participatorybudgeting.digitalagora.org\/straseni\/#\/schema\/logo\/image\/\",\"url\":\"https:\/\/participatorybudgeting.digitalagora.org\/straseni\/wp-content\/uploads\/sites\/70\/2023\/06\/STRASENI.png\",\"contentUrl\":\"https:\/\/participatorybudgeting.digitalagora.org\/straseni\/wp-content\/uploads\/sites\/70\/2023\/06\/STRASENI.png\",\"width\":940,\"height\":788,\"caption\":\"Str\u0103\u0219eni\"},\"image\":{\"@id\":\"https:\/\/participatorybudgeting.digitalagora.org\/straseni\/#\/schema\/logo\/image\/\"}}]}<\/script>\n<!-- \/ Yoast SEO plugin. -->","yoast_head_json":{"title":"About web of the city - Str\u0103\u0219eni","robots":{"index":"index","follow":"follow","max-snippet":"max-snippet:-1","max-image-preview":"max-image-preview:large","max-video-preview":"max-video-preview:-1"},"canonical":"https:\/\/participatorybudgeting.digitalagora.org\/straseni\/about-web-of-the-city\/","og_locale":"en_GB","og_type":"article","og_title":"About web of the city - Str\u0103\u0219eni","og_description":"The web of the city is a so-called participatory budget. Participatory budgeting enables citizens to participate in decision-making about the development of their municipality. The town hall allocates part of the money from the annual budget, and the residents then submit proposals on what should be improved in the city with this money in the [&hellip;]","og_url":"https:\/\/participatorybudgeting.digitalagora.org\/straseni\/about-web-of-the-city\/","og_site_name":"Str\u0103\u0219eni","article_modified_time":"2023-05-04T15:23:23+00:00","og_image":[{"width":1000,"height":562,"url":"https:\/\/participatorybudgeting.digitalagora.org\/straseni\/wp-content\/uploads\/sites\/70\/2020\/02\/web-mesta-teaser-universal.png","type":"image\/png"}],"twitter_card":"summary_large_image","twitter_misc":{"Estimated reading time":"1 minute"},"schema":{"@context":"https:\/\/schema.org","@graph":[{"@type":"WebPage","@id":"https:\/\/participatorybudgeting.digitalagora.org\/straseni\/about-web-of-the-city\/","url":"https:\/\/participatorybudgeting.digitalagora.org\/straseni\/about-web-of-the-city\/","name":"About web of the city - Str\u0103\u0219eni","isPartOf":{"@id":"https:\/\/participatorybudgeting.digitalagora.org\/straseni\/#website"},"datePublished":"2019-09-22T00:15:41+00:00","dateModified":"2023-05-04T15:23:23+00:00","breadcrumb":{"@id":"https:\/\/participatorybudgeting.digitalagora.org\/straseni\/about-web-of-the-city\/#breadcrumb"},"inLanguage":"en-GB","potentialAction":[{"@type":"ReadAction","target":["https:\/\/participatorybudgeting.digitalagora.org\/straseni\/about-web-of-the-city\/"]}]},{"@type":"BreadcrumbList","@id":"https:\/\/participatorybudgeting.digitalagora.org\/straseni\/about-web-of-the-city\/#breadcrumb","itemListElement":[{"@type":"ListItem","position":1,"name":"Dom\u016f","item":"https:\/\/participatorybudgeting.digitalagora.org\/straseni\/"},{"@type":"ListItem","position":2,"name":"About web of the city"}]},{"@type":"WebSite","@id":"https:\/\/participatorybudgeting.digitalagora.org\/straseni\/#website","url":"https:\/\/participatorybudgeting.digitalagora.org\/straseni\/","name":"Str\u0103\u0219eni","description":"Acest site este parte a proiectului \u201eBugetare mai transparent\u0103 \u0219i incluziv\u0103 \u00een Moldova: implicarea cet\u0103\u021benilor activi \u0219i a tinerilor din trei municipii \u00een formarea buget\u0103rii \u0219i transferul de experien\u021b\u0103 \u00een alte municipii Moldova\u201d.","publisher":{"@id":"https:\/\/participatorybudgeting.digitalagora.org\/straseni\/#organization"},"potentialAction":[{"@type":"SearchAction","target":{"@type":"EntryPoint","urlTemplate":"https:\/\/participatorybudgeting.digitalagora.org\/straseni\/?s={search_term_string}"},"query-input":"required name=search_term_string"}],"inLanguage":"en-GB"},{"@type":"Organization","@id":"https:\/\/participatorybudgeting.digitalagora.org\/straseni\/#organization","name":"Str\u0103\u0219eni","url":"https:\/\/participatorybudgeting.digitalagora.org\/straseni\/","logo":{"@type":"ImageObject","inLanguage":"en-GB","@id":"https:\/\/participatorybudgeting.digitalagora.org\/straseni\/#\/schema\/logo\/image\/","url":"https:\/\/participatorybudgeting.digitalagora.org\/straseni\/wp-content\/uploads\/sites\/70\/2023\/06\/STRASENI.png","contentUrl":"https:\/\/participatorybudgeting.digitalagora.org\/straseni\/wp-content\/uploads\/sites\/70\/2023\/06\/STRASENI.png","width":940,"height":788,"caption":"Str\u0103\u0219eni"},"image":{"@id":"https:\/\/participatorybudgeting.digitalagora.org\/straseni\/#\/schema\/logo\/image\/"}}]}},"_links":{"self":[{"href":"https:\/\/participatorybudgeting.digitalagora.org\/straseni\/wp-json\/wp\/v2\/pages\/1059"}],"collection":[{"href":"https:\/\/participatorybudgeting.digitalagora.org\/straseni\/wp-json\/wp\/v2\/pages"}],"about":[{"href":"https:\/\/participatorybudgeting.digitalagora.org\/straseni\/wp-json\/wp\/v2\/types\/page"}],"author":[{"embeddable":true,"href":"https:\/\/participatorybudgeting.digitalagora.org\/straseni\/wp-json\/wp\/v2\/users\/25"}],"replies":[{"embeddable":true,"href":"https:\/\/participatorybudgeting.digitalagora.org\/straseni\/wp-json\/wp\/v2\/comments?post=1059"}],"version-history":[{"count":0,"href":"https:\/\/participatorybudgeting.digitalagora.org\/straseni\/wp-json\/wp\/v2\/pages\/1059\/revisions"}],"wp:attachment":[{"href":"https:\/\/participatorybudgeting.digitalagora.org\/straseni\/wp-json\/wp\/v2\/media?parent=1059"}],"curies":[{"name":"wp","href":"https:\/\/api.w.org\/{rel}","templated":true}]}}