{"id":675,"date":"2019-09-13T21:38:05","date_gmt":"2019-09-13T19:38:05","guid":{"rendered":"http:\/\/www.participativni-rozpocet.cz\/webmesta2\/?page_id=675"},"modified":"2023-05-28T19:29:43","modified_gmt":"2023-05-28T16:29:43","slug":"mapa-navrhu","status":"publish","type":"page","link":"https:\/\/participatorybudgeting.digitalagora.org\/straseni\/mapa-navrhu\/","title":{"rendered":"Harta cu propuneri"},"content":{"rendered":"\t\t<div data-elementor-type=\"wp-post\" data-elementor-id=\"675\" class=\"elementor elementor-675\">\n\t\t\t\t\t\t<div class=\"elementor-inner\">\n\t\t\t\t<div class=\"elementor-section-wrap\">\n\t\t\t\t\t\t\t\t\t<section class=\"elementor-section elementor-top-section elementor-element elementor-element-2050338 elementor-section-stretched elementor-section-full_width elementor-section-height-default elementor-section-height-default\" data-id=\"2050338\" data-element_type=\"section\" data-settings=\"{&quot;stretch_section&quot;:&quot;section-stretched&quot;}\">\n\t\t\t\t\t\t<div class=\"elementor-container elementor-column-gap-default\">\n\t\t\t\t\t\t\t<div class=\"elementor-row\">\n\t\t\t\t\t<div class=\"elementor-column elementor-col-100 elementor-top-column elementor-element elementor-element-8355e09\" data-id=\"8355e09\" data-element_type=\"column\">\n\t\t\t<div class=\"elementor-column-wrap elementor-element-populated\">\n\t\t\t\t\t\t\t<div class=\"elementor-widget-wrap\">\n\t\t\t\t\t\t<div class=\"elementor-element elementor-element-5854d35 elementor-align-center elementor-button-info elementor-widget elementor-widget-button\" data-id=\"5854d35\" data-element_type=\"widget\" data-widget_type=\"button.default\">\n\t\t\t\t<div class=\"elementor-widget-container\">\n\t\t\t\t\t<div class=\"elementor-button-wrapper\">\n\t\t\t<a href=\"https:\/\/participatorybudgeting.digitalagora.org\/straseni\/gallery\/\" class=\"elementor-button-link elementor-button elementor-size-md\" role=\"button\">\n\t\t\t\t\t\t<span class=\"elementor-button-content-wrapper\">\n\t\t\t\t\t\t<span class=\"elementor-button-text\">\u2190 \u00cenapoi la Galerie<\/span>\n\t\t<\/span>\n\t\t\t\t\t<\/a>\n\t\t<\/div>\n\t\t\t\t<\/div>\n\t\t\t\t<\/div>\n\t\t\t\t\t\t<\/div>\n\t\t\t\t\t<\/div>\n\t\t<\/div>\n\t\t\t\t\t\t\t\t<\/div>\n\t\t\t\t\t<\/div>\n\t\t<\/section>\n\t\t\t\t<section class=\"elementor-section elementor-top-section elementor-element elementor-element-2ca218e elementor-section-boxed elementor-section-height-default elementor-section-height-default\" data-id=\"2ca218e\" data-element_type=\"section\">\n\t\t\t\t\t\t<div class=\"elementor-container elementor-column-gap-default\">\n\t\t\t\t\t\t\t<div class=\"elementor-row\">\n\t\t\t\t\t<div class=\"elementor-column elementor-col-100 elementor-top-column elementor-element elementor-element-51ea6d5\" data-id=\"51ea6d5\" data-element_type=\"column\">\n\t\t\t<div class=\"elementor-column-wrap elementor-element-populated\">\n\t\t\t\t\t\t\t<div class=\"elementor-widget-wrap\">\n\t\t\t\t\t\t<div class=\"elementor-element elementor-element-ae1f968 jet-smart-filter-content-position-line jet-smart-filter-content-position-line elementor-widget__width-auto jet-smart-filter-group-position-line jet-smart-filter-group-position-line elementor-widget elementor-widget-jet-smart-filters-select\" data-id=\"ae1f968\" data-element_type=\"widget\" data-widget_type=\"jet-smart-filters-select.default\">\n\t\t\t\t<div class=\"elementor-widget-container\">\n\t\t\t<div class=\"jet-filters-group\"><div class=\"jet-smart-filters-select jet-filter \" data-indexer-rule=\"show\" data-show-counter=\"\" data-change-counter=\"always\"><div class=\"jet-select\" data-query-type=\"tax_query\" data-query-var=\"status_navrhu\" data-smart-filter=\"select\" data-filter-id=\"6080\" data-apply-type=\"ajax\" data-content-provider=\"epro-posts\" data-additional-providers=\"\" data-query-id=\"default\" data-active-label=\"All proposals\" data-layout-options=\"{&quot;show_label&quot;:&quot;&quot;,&quot;display_options&quot;:{&quot;show_items_label&quot;:false,&quot;show_decorator&quot;:false,&quot;filter_image_size&quot;:&quot;full&quot;,&quot;show_counter&quot;:false}}\" data-query-var-suffix=\"\">\n\t\t\t\t<select\n\t\t\tclass=\"jet-select__control\"\n\t\t\tname=\"status_navrhu\"\n\t\t\t\t\t\taria-label=\"Status of proposal\"\n\t\t>\n\t\t\n\t\t\t\t\t\t\t\t\t<option\n\t\t\t\t\tvalue=\"\"\n\t\t\t\t\tdata-label=\"All proposals\"\n\t\t\t\t\tdata-counter-prefix=\"\"\n\t\t\t\t\tdata-counter-suffix=\"\"\n\t\t\t\t\t\t\t\t\t>All proposals<\/option>\n\t\t\t\t\t\t\t\t\t\t<option\n\t\t\t\t\tvalue=\"29\"\n\t\t\t\t\tdata-label=\"Fezibil\"\n\t\t\t\t\tdata-counter-prefix=\"\"\n\t\t\t\t\tdata-counter-suffix=\"\"\n\t\t\t\t\t\t\t\t\t>Fezibil<\/option>\n\t\t\t<\/select>\n\t<\/div>\n<\/div><div class=\"jet-smart-filters-select jet-filter \" data-indexer-rule=\"show\" data-show-counter=\"\" data-change-counter=\"always\"><div class=\"jet-select\" data-query-type=\"tax_query\" data-query-var=\"rocnik\" data-smart-filter=\"select\" data-filter-id=\"6081\" data-apply-type=\"ajax\" data-content-provider=\"epro-posts\" data-additional-providers=\"\" data-query-id=\"default\" data-active-label=\"All editions\" data-layout-options=\"{&quot;show_label&quot;:&quot;&quot;,&quot;display_options&quot;:{&quot;show_items_label&quot;:false,&quot;show_decorator&quot;:false,&quot;filter_image_size&quot;:&quot;full&quot;,&quot;show_counter&quot;:false}}\" data-query-var-suffix=\"\">\n\t\t\t\t<select\n\t\t\tclass=\"jet-select__control\"\n\t\t\tname=\"rocnik\"\n\t\t\t\t\t\taria-label=\"Edition\"\n\t\t>\n\t\t\n\t\t\t\t\t\t\t\t\t<option\n\t\t\t\t\tvalue=\"\"\n\t\t\t\t\tdata-label=\"All editions\"\n\t\t\t\t\tdata-counter-prefix=\"\"\n\t\t\t\t\tdata-counter-suffix=\"\"\n\t\t\t\t\t\t\t\t\t>All editions<\/option>\n\t\t\t\t\t\t\t\t\t\t<option\n\t\t\t\t\tvalue=\"82\"\n\t\t\t\t\tdata-label=\"2023\"\n\t\t\t\t\tdata-counter-prefix=\"\"\n\t\t\t\t\tdata-counter-suffix=\"\"\n\t\t\t\t\t\t\t\t\t>2023<\/option>\n\t\t\t<\/select>\n\t<\/div>\n<\/div><\/div>\t\t<\/div>\n\t\t\t\t<\/div>\n\t\t\t\t\t\t<\/div>\n\t\t\t\t\t<\/div>\n\t\t<\/div>\n\t\t\t\t\t\t\t\t<\/div>\n\t\t\t\t\t<\/div>\n\t\t<\/section>\n\t\t\t\t\t\t\t\t\t<\/div>\n\t\t\t<\/div>\n\t\t\t\t\t<\/div>\n\t\t","protected":false},"excerpt":{"rendered":"<p>\u2190 \u00cenapoi la Galerie All proposals Fezibil Implimentat Nu a primit sprijin din partea publicului All editions 2020<\/p>\n","protected":false},"author":25,"featured_media":0,"parent":0,"menu_order":0,"comment_status":"closed","ping_status":"closed","template":"","meta":[],"acf":[],"yoast_head":"<!-- This site is optimized with the Yoast SEO plugin v21.8.1 - https:\/\/yoast.com\/wordpress\/plugins\/seo\/ -->\n<title>Harta cu propuneri - Str\u0103\u0219eni<\/title>\n<meta name=\"robots\" content=\"index, follow, max-snippet:-1, max-image-preview:large, max-video-preview:-1\" \/>\n<link rel=\"canonical\" href=\"https:\/\/participatorybudgeting.digitalagora.org\/straseni\/mapa-navrhu\/\" \/>\n<meta property=\"og:locale\" content=\"en_GB\" \/>\n<meta property=\"og:type\" content=\"article\" \/>\n<meta property=\"og:title\" content=\"Harta cu propuneri - Str\u0103\u0219eni\" \/>\n<meta property=\"og:description\" content=\"\u2190 \u00cenapoi la Galerie All proposals Fezibil Implimentat Nu a primit sprijin din partea publicului All editions 2020\" \/>\n<meta property=\"og:url\" content=\"https:\/\/participatorybudgeting.digitalagora.org\/straseni\/mapa-navrhu\/\" \/>\n<meta property=\"og:site_name\" content=\"Str\u0103\u0219eni\" \/>\n<meta property=\"article:modified_time\" content=\"2023-05-28T16:29:43+00:00\" \/>\n<meta property=\"og:image\" content=\"https:\/\/participatorybudgeting.digitalagora.org\/straseni\/wp-content\/uploads\/sites\/70\/2020\/02\/web-mesta-teaser-universal.png\" \/>\n\t<meta property=\"og:image:width\" content=\"1000\" \/>\n\t<meta property=\"og:image:height\" content=\"562\" \/>\n\t<meta property=\"og:image:type\" content=\"image\/png\" \/>\n<meta name=\"twitter:card\" content=\"summary_large_image\" \/>\n<script type=\"application\/ld+json\" class=\"yoast-schema-graph\">{\"@context\":\"https:\/\/schema.org\",\"@graph\":[{\"@type\":\"WebPage\",\"@id\":\"https:\/\/participatorybudgeting.digitalagora.org\/straseni\/mapa-navrhu\/\",\"url\":\"https:\/\/participatorybudgeting.digitalagora.org\/straseni\/mapa-navrhu\/\",\"name\":\"Harta cu propuneri - Str\u0103\u0219eni\",\"isPartOf\":{\"@id\":\"https:\/\/participatorybudgeting.digitalagora.org\/straseni\/#website\"},\"datePublished\":\"2019-09-13T19:38:05+00:00\",\"dateModified\":\"2023-05-28T16:29:43+00:00\",\"breadcrumb\":{\"@id\":\"https:\/\/participatorybudgeting.digitalagora.org\/straseni\/mapa-navrhu\/#breadcrumb\"},\"inLanguage\":\"en-GB\",\"potentialAction\":[{\"@type\":\"ReadAction\",\"target\":[\"https:\/\/participatorybudgeting.digitalagora.org\/straseni\/mapa-navrhu\/\"]}]},{\"@type\":\"BreadcrumbList\",\"@id\":\"https:\/\/participatorybudgeting.digitalagora.org\/straseni\/mapa-navrhu\/#breadcrumb\",\"itemListElement\":[{\"@type\":\"ListItem\",\"position\":1,\"name\":\"Dom\u016f\",\"item\":\"https:\/\/participatorybudgeting.digitalagora.org\/straseni\/\"},{\"@type\":\"ListItem\",\"position\":2,\"name\":\"Harta cu propuneri\"}]},{\"@type\":\"WebSite\",\"@id\":\"https:\/\/participatorybudgeting.digitalagora.org\/straseni\/#website\",\"url\":\"https:\/\/participatorybudgeting.digitalagora.org\/straseni\/\",\"name\":\"Str\u0103\u0219eni\",\"description\":\"Acest site este parte a proiectului \u201eBugetare mai transparent\u0103 \u0219i incluziv\u0103 \u00een Moldova: implicarea cet\u0103\u021benilor activi \u0219i a tinerilor din trei municipii \u00een formarea buget\u0103rii \u0219i transferul de experien\u021b\u0103 \u00een alte municipii Moldova\u201d.\",\"publisher\":{\"@id\":\"https:\/\/participatorybudgeting.digitalagora.org\/straseni\/#organization\"},\"potentialAction\":[{\"@type\":\"SearchAction\",\"target\":{\"@type\":\"EntryPoint\",\"urlTemplate\":\"https:\/\/participatorybudgeting.digitalagora.org\/straseni\/?s={search_term_string}\"},\"query-input\":\"required name=search_term_string\"}],\"inLanguage\":\"en-GB\"},{\"@type\":\"Organization\",\"@id\":\"https:\/\/participatorybudgeting.digitalagora.org\/straseni\/#organization\",\"name\":\"Str\u0103\u0219eni\",\"url\":\"https:\/\/participatorybudgeting.digitalagora.org\/straseni\/\",\"logo\":{\"@type\":\"ImageObject\",\"inLanguage\":\"en-GB\",\"@id\":\"https:\/\/participatorybudgeting.digitalagora.org\/straseni\/#\/schema\/logo\/image\/\",\"url\":\"https:\/\/participatorybudgeting.digitalagora.org\/straseni\/wp-content\/uploads\/sites\/70\/2023\/06\/STRASENI.png\",\"contentUrl\":\"https:\/\/participatorybudgeting.digitalagora.org\/straseni\/wp-content\/uploads\/sites\/70\/2023\/06\/STRASENI.png\",\"width\":940,\"height\":788,\"caption\":\"Str\u0103\u0219eni\"},\"image\":{\"@id\":\"https:\/\/participatorybudgeting.digitalagora.org\/straseni\/#\/schema\/logo\/image\/\"}}]}<\/script>\n<!-- \/ Yoast SEO plugin. -->","yoast_head_json":{"title":"Harta cu propuneri - Str\u0103\u0219eni","robots":{"index":"index","follow":"follow","max-snippet":"max-snippet:-1","max-image-preview":"max-image-preview:large","max-video-preview":"max-video-preview:-1"},"canonical":"https:\/\/participatorybudgeting.digitalagora.org\/straseni\/mapa-navrhu\/","og_locale":"en_GB","og_type":"article","og_title":"Harta cu propuneri - Str\u0103\u0219eni","og_description":"\u2190 \u00cenapoi la Galerie All proposals Fezibil Implimentat Nu a primit sprijin din partea publicului All editions 2020","og_url":"https:\/\/participatorybudgeting.digitalagora.org\/straseni\/mapa-navrhu\/","og_site_name":"Str\u0103\u0219eni","article_modified_time":"2023-05-28T16:29:43+00:00","og_image":[{"width":1000,"height":562,"url":"https:\/\/participatorybudgeting.digitalagora.org\/straseni\/wp-content\/uploads\/sites\/70\/2020\/02\/web-mesta-teaser-universal.png","type":"image\/png"}],"twitter_card":"summary_large_image","schema":{"@context":"https:\/\/schema.org","@graph":[{"@type":"WebPage","@id":"https:\/\/participatorybudgeting.digitalagora.org\/straseni\/mapa-navrhu\/","url":"https:\/\/participatorybudgeting.digitalagora.org\/straseni\/mapa-navrhu\/","name":"Harta cu propuneri - Str\u0103\u0219eni","isPartOf":{"@id":"https:\/\/participatorybudgeting.digitalagora.org\/straseni\/#website"},"datePublished":"2019-09-13T19:38:05+00:00","dateModified":"2023-05-28T16:29:43+00:00","breadcrumb":{"@id":"https:\/\/participatorybudgeting.digitalagora.org\/straseni\/mapa-navrhu\/#breadcrumb"},"inLanguage":"en-GB","potentialAction":[{"@type":"ReadAction","target":["https:\/\/participatorybudgeting.digitalagora.org\/straseni\/mapa-navrhu\/"]}]},{"@type":"BreadcrumbList","@id":"https:\/\/participatorybudgeting.digitalagora.org\/straseni\/mapa-navrhu\/#breadcrumb","itemListElement":[{"@type":"ListItem","position":1,"name":"Dom\u016f","item":"https:\/\/participatorybudgeting.digitalagora.org\/straseni\/"},{"@type":"ListItem","position":2,"name":"Harta cu propuneri"}]},{"@type":"WebSite","@id":"https:\/\/participatorybudgeting.digitalagora.org\/straseni\/#website","url":"https:\/\/participatorybudgeting.digitalagora.org\/straseni\/","name":"Str\u0103\u0219eni","description":"Acest site este parte a proiectului \u201eBugetare mai transparent\u0103 \u0219i incluziv\u0103 \u00een Moldova: implicarea cet\u0103\u021benilor activi \u0219i a tinerilor din trei municipii \u00een formarea buget\u0103rii \u0219i transferul de experien\u021b\u0103 \u00een alte municipii Moldova\u201d.","publisher":{"@id":"https:\/\/participatorybudgeting.digitalagora.org\/straseni\/#organization"},"potentialAction":[{"@type":"SearchAction","target":{"@type":"EntryPoint","urlTemplate":"https:\/\/participatorybudgeting.digitalagora.org\/straseni\/?s={search_term_string}"},"query-input":"required name=search_term_string"}],"inLanguage":"en-GB"},{"@type":"Organization","@id":"https:\/\/participatorybudgeting.digitalagora.org\/straseni\/#organization","name":"Str\u0103\u0219eni","url":"https:\/\/participatorybudgeting.digitalagora.org\/straseni\/","logo":{"@type":"ImageObject","inLanguage":"en-GB","@id":"https:\/\/participatorybudgeting.digitalagora.org\/straseni\/#\/schema\/logo\/image\/","url":"https:\/\/participatorybudgeting.digitalagora.org\/straseni\/wp-content\/uploads\/sites\/70\/2023\/06\/STRASENI.png","contentUrl":"https:\/\/participatorybudgeting.digitalagora.org\/straseni\/wp-content\/uploads\/sites\/70\/2023\/06\/STRASENI.png","width":940,"height":788,"caption":"Str\u0103\u0219eni"},"image":{"@id":"https:\/\/participatorybudgeting.digitalagora.org\/straseni\/#\/schema\/logo\/image\/"}}]}},"_links":{"self":[{"href":"https:\/\/participatorybudgeting.digitalagora.org\/straseni\/wp-json\/wp\/v2\/pages\/675"}],"collection":[{"href":"https:\/\/participatorybudgeting.digitalagora.org\/straseni\/wp-json\/wp\/v2\/pages"}],"about":[{"href":"https:\/\/participatorybudgeting.digitalagora.org\/straseni\/wp-json\/wp\/v2\/types\/page"}],"author":[{"embeddable":true,"href":"https:\/\/participatorybudgeting.digitalagora.org\/straseni\/wp-json\/wp\/v2\/users\/25"}],"replies":[{"embeddable":true,"href":"https:\/\/participatorybudgeting.digitalagora.org\/straseni\/wp-json\/wp\/v2\/comments?post=675"}],"version-history":[{"count":4,"href":"https:\/\/participatorybudgeting.digitalagora.org\/straseni\/wp-json\/wp\/v2\/pages\/675\/revisions"}],"predecessor-version":[{"id":7077,"href":"https:\/\/participatorybudgeting.digitalagora.org\/straseni\/wp-json\/wp\/v2\/pages\/675\/revisions\/7077"}],"wp:attachment":[{"href":"https:\/\/participatorybudgeting.digitalagora.org\/straseni\/wp-json\/wp\/v2\/media?parent=675"}],"curies":[{"name":"wp","href":"https:\/\/api.w.org\/{rel}","templated":true}]}}